{"id":18868,"date":"2026-04-10T18:44:01","date_gmt":"2026-04-10T18:44:01","guid":{"rendered":""},"modified":"2026-04-10T18:44:01","modified_gmt":"2026-04-10T18:44:01","slug":"bico-kaabli-kettide-kaevoru-fb60-3mm-1-8","status":"publish","type":"product","link":"https:\/\/bico.ee\/lt\/p\/bico-cable-grandinine-apyranke-fb60-3mm-1-8\/","title":{"rendered":"Bico &#8220;Cable&#8221; grandinin\u0117 apyrank\u0117 (FB60) 3mm 1\/8\u2033"},"content":{"rendered":"<p>\u0160i apyrank\u0117 pagaminta i\u0161 \u017ealvario, o ne plieno ar cinko, kaip pigesn\u0117s grandin\u0117s. Grandin\u0117 padengta grynu sidabru, oksiduota, matiniu b\u016bdu padengta rankomis, po to padengta auk\u0161\u010diausios kokyb\u0117s apsauginiu sluoksniu, kad b\u016bt\u0173 prat\u0119stas d\u0117v\u0117jimo laikas. Kiekviena grandin\u0117 pagaminta i\u0161 \u017ealvario, padengta sidabru ir poliruota rankomis, kad b\u016bt\u0173 sukurta unikali oksiduota satino apdaila. Galimi ilgiai: 18 ir 21 cm.<\/p>","protected":false},"excerpt":{"rendered":"<p>FB60 0<\/p>\n","protected":false},"featured_media":18869,"template":"","meta":[],"product_cat":[106,159],"product_tag":[],"_links":{"self":[{"href":"https:\/\/bico.ee\/lt\/wp-json\/wp\/v2\/product\/18868"}],"collection":[{"href":"https:\/\/bico.ee\/lt\/wp-json\/wp\/v2\/product"}],"about":[{"href":"https:\/\/bico.ee\/lt\/wp-json\/wp\/v2\/types\/product"}],"wp:featuredmedia":[{"embeddable":true,"href":"https:\/\/bico.ee\/lt\/wp-json\/wp\/v2\/media\/18869"}],"wp:attachment":[{"href":"https:\/\/bico.ee\/lt\/wp-json\/wp\/v2\/media?parent=18868"}],"wp:term":[{"taxonomy":"product_cat","embeddable":true,"href":"https:\/\/bico.ee\/lt\/wp-json\/wp\/v2\/product_cat?post=18868"},{"taxonomy":"product_tag","embeddable":true,"href":"https:\/\/bico.ee\/lt\/wp-json\/wp\/v2\/product_tag?post=18868"}],"curies":[{"name":"wp","href":"https:\/\/api.w.org\/{rel}","templated":true}]}}