{"id":18916,"date":"2026-04-10T18:44:01","date_gmt":"2026-04-10T18:44:01","guid":{"rendered":""},"modified":"2026-04-10T18:44:01","modified_gmt":"2026-04-10T18:44:01","slug":"bico-kasitsi-valmistatud-kaevoru-fb302-8mm-5-16","status":"publish","type":"product","link":"https:\/\/bico.ee\/lt\/p\/bico-ranku-darbo-apyranke-fb302-8mm-5-16\/","title":{"rendered":"Bico rank\u0173 darbo apyrank\u0117 (FB302) 8mm 5\/16\u2033"},"content":{"rendered":"<p>\u0160i apyrank\u0117 yra originalus \u201eBico\u201c dizainas, pagamintas i\u0161 individualiai i\u0161liet\u0173 ir rankomis u\u017ebaigt\u0173 alavo sait\u0173, kurios v\u0117liau sujungiamos. Grandin\u0117 padengta grynu sidabru, matiniu b\u016bdu padengta rankomis, po to padengta auk\u0161\u010diausios kokyb\u0117s apsauginiu sluoksniu, kad prailgint\u0173 d\u0117v\u0117jimo laik\u0105. U\u017esegimai pagaminti rankomis su atidaromais \u017eandikauliais, kurie spyruokliuoja vir\u0161 didel\u0117s \u0161uolio kilpos. Pavadinimas: Pramon\u0117 Rank\u0173 darbo, pagaminta i\u0161 atskirai i\u0161liet\u0173 alavo sait\u0173, padengta sidabru, o po to poliruota iki oksiduoto satino. Galimi ilgiai: 18, 21 ir 24 cm Taip pat galima \u012fsigyti grandin\u0117s (F302) ilgio: 40, 45, 50 ir 55 cm.<\/p>","protected":false},"excerpt":{"rendered":"<p>FB302 0<\/p>\n","protected":false},"featured_media":18917,"template":"","meta":[],"product_cat":[106,159],"product_tag":[],"_links":{"self":[{"href":"https:\/\/bico.ee\/lt\/wp-json\/wp\/v2\/product\/18916"}],"collection":[{"href":"https:\/\/bico.ee\/lt\/wp-json\/wp\/v2\/product"}],"about":[{"href":"https:\/\/bico.ee\/lt\/wp-json\/wp\/v2\/types\/product"}],"wp:featuredmedia":[{"embeddable":true,"href":"https:\/\/bico.ee\/lt\/wp-json\/wp\/v2\/media\/18917"}],"wp:attachment":[{"href":"https:\/\/bico.ee\/lt\/wp-json\/wp\/v2\/media?parent=18916"}],"wp:term":[{"taxonomy":"product_cat","embeddable":true,"href":"https:\/\/bico.ee\/lt\/wp-json\/wp\/v2\/product_cat?post=18916"},{"taxonomy":"product_tag","embeddable":true,"href":"https:\/\/bico.ee\/lt\/wp-json\/wp\/v2\/product_tag?post=18916"}],"curies":[{"name":"wp","href":"https:\/\/api.w.org\/{rel}","templated":true}]}}