{"id":18930,"date":"2026-04-10T18:44:01","date_gmt":"2026-04-10T18:44:01","guid":{"rendered":""},"modified":"2026-04-10T18:44:01","modified_gmt":"2026-04-10T18:44:01","slug":"bico-catalyst-kasitsi-valmistatud-kummist-ja-metallist-kaevoru-ca1-8mm-5-16","status":"publish","type":"product","link":"https:\/\/bico.ee\/lt\/p\/bico-catalyst-ranku-darbo-gumos-ir-metalo-apyranke-ca1-8mm-5-16\/","title":{"rendered":"Bico &#8220;Catalyst&#8221; rank\u0173 darbo gumos ir metalo apyrank\u0117 (CA1) 8mm 5\/16\u2033"},"content":{"rendered":"<p>Pavadinimas: Katalizatorius Rankomis pagamintas i\u0161 atskirai i\u0161liet\u0173 alavo sait\u0173, padengtas sidabru, o po to poliruotas iki oksiduoto satino. Galimi ilgiai: 18, 21 ir 24 cm Taip pat galima \u012fsigyti kaip choker\u012f (CB4), kurio ilgis: 40, 45 ir 50 cm.<\/p>","protected":false},"excerpt":{"rendered":"<p>CA1 0<\/p>\n","protected":false},"featured_media":18931,"template":"","meta":[],"product_cat":[106,160],"product_tag":[],"_links":{"self":[{"href":"https:\/\/bico.ee\/lt\/wp-json\/wp\/v2\/product\/18930"}],"collection":[{"href":"https:\/\/bico.ee\/lt\/wp-json\/wp\/v2\/product"}],"about":[{"href":"https:\/\/bico.ee\/lt\/wp-json\/wp\/v2\/types\/product"}],"wp:featuredmedia":[{"embeddable":true,"href":"https:\/\/bico.ee\/lt\/wp-json\/wp\/v2\/media\/18931"}],"wp:attachment":[{"href":"https:\/\/bico.ee\/lt\/wp-json\/wp\/v2\/media?parent=18930"}],"wp:term":[{"taxonomy":"product_cat","embeddable":true,"href":"https:\/\/bico.ee\/lt\/wp-json\/wp\/v2\/product_cat?post=18930"},{"taxonomy":"product_tag","embeddable":true,"href":"https:\/\/bico.ee\/lt\/wp-json\/wp\/v2\/product_tag?post=18930"}],"curies":[{"name":"wp","href":"https:\/\/api.w.org\/{rel}","templated":true}]}}