{"id":18932,"date":"2026-04-10T18:44:01","date_gmt":"2026-04-10T18:44:01","guid":{"rendered":""},"modified":"2026-04-10T18:44:01","modified_gmt":"2026-04-10T18:44:01","slug":"bico-earthdivers-kasitsi-valmistatud-kummist-ja-metallist-kaevoru-ca2-8mm-5-16","status":"publish","type":"product","link":"https:\/\/bico.ee\/lt\/p\/bico-earthdivers-ranku-darbo-gumos-ir-metalo-apyranke-ca2-8mm-5-16\/","title":{"rendered":"Bico &#8220;Earthdivers&#8221; rank\u0173 darbo gumos ir metalo apyrank\u0117 (CA2) 8mm 5\/16\u2033"},"content":{"rendered":"<p>Pavadinimas: \u012e\u017eemintuvai Rank\u0173 darbo, pagaminti i\u0161 individualiai i\u0161liet\u0173 alavo sait\u0173, padengti sidabru, o po to poliruoti iki oksiduoto satino. Galimi ilgiai: 18, 21 ir 24 cm Taip pat galima \u012fsigyti kaip choker\u012f (CB1), kurio ilgis: 40, 45 ir 50 cm.<\/p>","protected":false},"excerpt":{"rendered":"<p>CA2 0<\/p>\n","protected":false},"featured_media":18933,"template":"","meta":[],"product_cat":[106,160],"product_tag":[],"_links":{"self":[{"href":"https:\/\/bico.ee\/lt\/wp-json\/wp\/v2\/product\/18932"}],"collection":[{"href":"https:\/\/bico.ee\/lt\/wp-json\/wp\/v2\/product"}],"about":[{"href":"https:\/\/bico.ee\/lt\/wp-json\/wp\/v2\/types\/product"}],"wp:featuredmedia":[{"embeddable":true,"href":"https:\/\/bico.ee\/lt\/wp-json\/wp\/v2\/media\/18933"}],"wp:attachment":[{"href":"https:\/\/bico.ee\/lt\/wp-json\/wp\/v2\/media?parent=18932"}],"wp:term":[{"taxonomy":"product_cat","embeddable":true,"href":"https:\/\/bico.ee\/lt\/wp-json\/wp\/v2\/product_cat?post=18932"},{"taxonomy":"product_tag","embeddable":true,"href":"https:\/\/bico.ee\/lt\/wp-json\/wp\/v2\/product_tag?post=18932"}],"curies":[{"name":"wp","href":"https:\/\/api.w.org\/{rel}","templated":true}]}}