{"id":18964,"date":"2026-04-10T18:44:01","date_gmt":"2026-04-10T18:44:01","guid":{"rendered":""},"modified":"2026-04-10T18:44:01","modified_gmt":"2026-04-10T18:44:01","slug":"bico-outback-ketrusrongas-r9","status":"publish","type":"product","link":"https:\/\/bico.ee\/lt\/p\/bico-outback-verpimo-ziedas-r9\/","title":{"rendered":"Bico &#8220;Outback&#8221; verpimo \u017eiedas (R9)"},"content":{"rendered":"<p>Z+3 Originalus BICO sidabru padengtas alavo verpimo \u017eiedas, pagamintas i\u0161 dviej\u0173 dali\u0173, o i\u0161orinis \u017eiedas laisvai sukasi. Pavadinimas: \u201eOutback\u201c dydis: UK Z+3 (JAV 13) Skersmuo 23 mm Apimtis: 72 mm Dviej\u0173 dali\u0173 verpimo \u017eiedas.<\/p>","protected":false},"excerpt":{"rendered":"<p>R9 0<\/p>\n","protected":false},"featured_media":18965,"template":"","meta":[],"product_cat":[113,275],"product_tag":[],"_links":{"self":[{"href":"https:\/\/bico.ee\/lt\/wp-json\/wp\/v2\/product\/18964"}],"collection":[{"href":"https:\/\/bico.ee\/lt\/wp-json\/wp\/v2\/product"}],"about":[{"href":"https:\/\/bico.ee\/lt\/wp-json\/wp\/v2\/types\/product"}],"wp:featuredmedia":[{"embeddable":true,"href":"https:\/\/bico.ee\/lt\/wp-json\/wp\/v2\/media\/18965"}],"wp:attachment":[{"href":"https:\/\/bico.ee\/lt\/wp-json\/wp\/v2\/media?parent=18964"}],"wp:term":[{"taxonomy":"product_cat","embeddable":true,"href":"https:\/\/bico.ee\/lt\/wp-json\/wp\/v2\/product_cat?post=18964"},{"taxonomy":"product_tag","embeddable":true,"href":"https:\/\/bico.ee\/lt\/wp-json\/wp\/v2\/product_tag?post=18964"}],"curies":[{"name":"wp","href":"https:\/\/api.w.org\/{rel}","templated":true}]}}