{"id":18972,"date":"2026-04-10T18:44:02","date_gmt":"2026-04-10T18:44:02","guid":{"rendered":""},"modified":"2026-04-10T18:44:02","modified_gmt":"2026-04-10T18:44:02","slug":"bico-excelsior-kasitsi-kootud-kaevoru-metallist-lisadega-ca23-must-10mm-13-16","status":"publish","type":"product","link":"https:\/\/bico.ee\/lt\/p\/bico-excelsior-ranku-darbo-apyranke-su-metaliniais-ideklais-ca23-juoda-10mm-13-16\/","title":{"rendered":"Bico &#8220;Excelsior&#8221; rank\u0173 darbo apyrank\u0117 su metaliniais \u012fd\u0117klais (CA23 juoda) 10mm 13\/16\u00b4\u00b4"},"content":{"rendered":"<p>Pavadinimas: \u201eExcelsior\u201c Reik\u0161m\u0117: am\u017einai auk\u0161tyn Kiekviena apyrank\u0117 yra individualiai austa rankomis i\u0161 medviln\u0117s si\u016bl\u0173, aud\u017eiant oksiduotus matinius alavo elementus. Galimi ilgiai: 21 ir 24 cm.<\/p>","protected":false},"excerpt":{"rendered":"<p>CA23 0<\/p>\n","protected":false},"featured_media":18973,"template":"","meta":[],"product_cat":[106,160],"product_tag":[],"_links":{"self":[{"href":"https:\/\/bico.ee\/lt\/wp-json\/wp\/v2\/product\/18972"}],"collection":[{"href":"https:\/\/bico.ee\/lt\/wp-json\/wp\/v2\/product"}],"about":[{"href":"https:\/\/bico.ee\/lt\/wp-json\/wp\/v2\/types\/product"}],"wp:featuredmedia":[{"embeddable":true,"href":"https:\/\/bico.ee\/lt\/wp-json\/wp\/v2\/media\/18973"}],"wp:attachment":[{"href":"https:\/\/bico.ee\/lt\/wp-json\/wp\/v2\/media?parent=18972"}],"wp:term":[{"taxonomy":"product_cat","embeddable":true,"href":"https:\/\/bico.ee\/lt\/wp-json\/wp\/v2\/product_cat?post=18972"},{"taxonomy":"product_tag","embeddable":true,"href":"https:\/\/bico.ee\/lt\/wp-json\/wp\/v2\/product_tag?post=18972"}],"curies":[{"name":"wp","href":"https:\/\/api.w.org\/{rel}","templated":true}]}}