{"id":18974,"date":"2026-04-10T18:44:02","date_gmt":"2026-04-10T18:44:02","guid":{"rendered":""},"modified":"2026-04-10T18:44:02","modified_gmt":"2026-04-10T18:44:02","slug":"bico-fort-kasitsi-kootud-kaevoru-metallosadega-ca24-pruun-10mm-13-16","status":"publish","type":"product","link":"https:\/\/bico.ee\/lt\/p\/bico-fort-ranku-darbo-apyranke-su-metaliniais-ideklais-ca24-ruda-10mm-13-16\/","title":{"rendered":"Bico &#8220;Fort&#8221; rank\u0173 darbo apyrank\u0117 su metaliniais \u012fd\u0117klais (CA24 ruda) 10mm 13\/16\u00b4\u00b4"},"content":{"rendered":"<p>Pavadinimas: Fortas Reik\u0161m\u0117: i\u0161tverti ir \u012fveikti Kiekviena apyrank\u0117 yra individualiai austa rankomis i\u0161 medviln\u0117s si\u016bl\u0173, aud\u017eiant oksiduotus matinius alavo elementus. Galimi ilgiai: 21 ir 24 cm.<\/p>","protected":false},"excerpt":{"rendered":"<p>CA24 0<\/p>\n","protected":false},"featured_media":18975,"template":"","meta":[],"product_cat":[106,160],"product_tag":[],"_links":{"self":[{"href":"https:\/\/bico.ee\/lt\/wp-json\/wp\/v2\/product\/18974"}],"collection":[{"href":"https:\/\/bico.ee\/lt\/wp-json\/wp\/v2\/product"}],"about":[{"href":"https:\/\/bico.ee\/lt\/wp-json\/wp\/v2\/types\/product"}],"wp:featuredmedia":[{"embeddable":true,"href":"https:\/\/bico.ee\/lt\/wp-json\/wp\/v2\/media\/18975"}],"wp:attachment":[{"href":"https:\/\/bico.ee\/lt\/wp-json\/wp\/v2\/media?parent=18974"}],"wp:term":[{"taxonomy":"product_cat","embeddable":true,"href":"https:\/\/bico.ee\/lt\/wp-json\/wp\/v2\/product_cat?post=18974"},{"taxonomy":"product_tag","embeddable":true,"href":"https:\/\/bico.ee\/lt\/wp-json\/wp\/v2\/product_tag?post=18974"}],"curies":[{"name":"wp","href":"https:\/\/api.w.org\/{rel}","templated":true}]}}