{"id":18982,"date":"2026-04-10T18:44:02","date_gmt":"2026-04-10T18:44:02","guid":{"rendered":""},"modified":"2026-04-10T18:44:02","modified_gmt":"2026-04-10T18:44:02","slug":"bico-urobos-kasitsi-kootud-kaevoru-ca26-pruun-must-10mm-13-16","status":"publish","type":"product","link":"https:\/\/bico.ee\/lt\/p\/bico-urobos-rankine-apyranke-ca26-ruda-juoda-10mm-13-16\/","title":{"rendered":"Bico &#8220;Urobos&#8221; rankin\u0117 apyrank\u0117 (CA26 ruda juoda) 10mm 13\/16\u00b4\u00b4"},"content":{"rendered":"<p>Pavadinimas: Urobos Reik\u0161m\u0117: kuo daugiau dalyk\u0173 kei\u010diasi, tuo labiau jie lieka tie patys Pinti odiniai laidai kartu su rank\u0173 darbo lietiniu alavo u\u017esegimu Galimi ilgiai: 21 ir 24 cm.<\/p>","protected":false},"excerpt":{"rendered":"<p>CA26 0<\/p>\n","protected":false},"featured_media":18983,"template":"","meta":[],"product_cat":[106,160],"product_tag":[],"_links":{"self":[{"href":"https:\/\/bico.ee\/lt\/wp-json\/wp\/v2\/product\/18982"}],"collection":[{"href":"https:\/\/bico.ee\/lt\/wp-json\/wp\/v2\/product"}],"about":[{"href":"https:\/\/bico.ee\/lt\/wp-json\/wp\/v2\/types\/product"}],"wp:featuredmedia":[{"embeddable":true,"href":"https:\/\/bico.ee\/lt\/wp-json\/wp\/v2\/media\/18983"}],"wp:attachment":[{"href":"https:\/\/bico.ee\/lt\/wp-json\/wp\/v2\/media?parent=18982"}],"wp:term":[{"taxonomy":"product_cat","embeddable":true,"href":"https:\/\/bico.ee\/lt\/wp-json\/wp\/v2\/product_cat?post=18982"},{"taxonomy":"product_tag","embeddable":true,"href":"https:\/\/bico.ee\/lt\/wp-json\/wp\/v2\/product_tag?post=18982"}],"curies":[{"name":"wp","href":"https:\/\/api.w.org\/{rel}","templated":true}]}}