{"id":18988,"date":"2026-04-10T18:44:02","date_gmt":"2026-04-10T18:44:02","guid":{"rendered":""},"modified":"2026-04-10T18:44:02","modified_gmt":"2026-04-10T18:44:02","slug":"bico-dueling-serpent-kasitsi-kootud-reguleeritav-noorkaevoru-ca28-pruun-must-10mm-13-16","status":"publish","type":"product","link":"https:\/\/bico.ee\/lt\/p\/bico-dueling-serpent-rankomis-austa-reguliuojama-virveles-apyranke-ca28-ruda-juoda-10mm-13-16\/","title":{"rendered":"Bico &#8220;Dueling Serpent&#8221; rankomis austa reguliuojama virvel\u0117s apyrank\u0117 (CA28 ruda juoda) 10mm 13\/16\u00b4\u00b4"},"content":{"rendered":"<p>\u0160i apyrank\u0117 pagaminta i\u0161 lanks\u010dios varin\u0117s \u0161erdies, padengtos rankomis austa virvele, ir gali b\u016bti atidaryta ir u\u017edaryta, kad tikt\u0173 bet kokio dyd\u017eio. Pavadinimas: Dueling Serpent Reik\u0161m\u0117: sielos apsauga Kiekviena apyrank\u0117 yra atskirai austa rankomis ant storos varin\u0117s \u0161erdies, tod\u0117l apyrank\u0119 galima lengvai sureguliuoti. Galimos spalvos: juoda ir juoda\/ruda.<\/p>","protected":false},"excerpt":{"rendered":"<p>CA28 0<\/p>\n","protected":false},"featured_media":18989,"template":"","meta":[],"product_cat":[106,160],"product_tag":[],"_links":{"self":[{"href":"https:\/\/bico.ee\/lt\/wp-json\/wp\/v2\/product\/18988"}],"collection":[{"href":"https:\/\/bico.ee\/lt\/wp-json\/wp\/v2\/product"}],"about":[{"href":"https:\/\/bico.ee\/lt\/wp-json\/wp\/v2\/types\/product"}],"wp:featuredmedia":[{"embeddable":true,"href":"https:\/\/bico.ee\/lt\/wp-json\/wp\/v2\/media\/18989"}],"wp:attachment":[{"href":"https:\/\/bico.ee\/lt\/wp-json\/wp\/v2\/media?parent=18988"}],"wp:term":[{"taxonomy":"product_cat","embeddable":true,"href":"https:\/\/bico.ee\/lt\/wp-json\/wp\/v2\/product_cat?post=18988"},{"taxonomy":"product_tag","embeddable":true,"href":"https:\/\/bico.ee\/lt\/wp-json\/wp\/v2\/product_tag?post=18988"}],"curies":[{"name":"wp","href":"https:\/\/api.w.org\/{rel}","templated":true}]}}