{"id":18990,"date":"2026-04-10T18:44:02","date_gmt":"2026-04-10T18:44:02","guid":{"rendered":""},"modified":"2026-04-10T18:44:02","modified_gmt":"2026-04-10T18:44:02","slug":"bico-traveller-kasitsi-kootud-noorist-kaevoru-ca40-must-10mm-13-16","status":"publish","type":"product","link":"https:\/\/bico.ee\/lt\/p\/bico-traveller-rankine-apyranke-ca40-juoda-10mm-13-16\/","title":{"rendered":"Bico &#8220;Traveller&#8221; rankin\u0117 apyrank\u0117 (CA40 juoda) 10mm 13\/16\u00b4\u00b4"},"content":{"rendered":"<p>Pavadinimas: Keliautojas Reik\u0161m\u0117: m\u0117gaukit\u0117s tolim\u0173 kra\u0161t\u0173 paie\u0161ka Galimi ilgiai: 21 ir 24 cm.<\/p>","protected":false},"excerpt":{"rendered":"<p>CA40-1 0<\/p>\n","protected":false},"featured_media":18991,"template":"","meta":[],"product_cat":[106,160],"product_tag":[],"_links":{"self":[{"href":"https:\/\/bico.ee\/lt\/wp-json\/wp\/v2\/product\/18990"}],"collection":[{"href":"https:\/\/bico.ee\/lt\/wp-json\/wp\/v2\/product"}],"about":[{"href":"https:\/\/bico.ee\/lt\/wp-json\/wp\/v2\/types\/product"}],"wp:featuredmedia":[{"embeddable":true,"href":"https:\/\/bico.ee\/lt\/wp-json\/wp\/v2\/media\/18991"}],"wp:attachment":[{"href":"https:\/\/bico.ee\/lt\/wp-json\/wp\/v2\/media?parent=18990"}],"wp:term":[{"taxonomy":"product_cat","embeddable":true,"href":"https:\/\/bico.ee\/lt\/wp-json\/wp\/v2\/product_cat?post=18990"},{"taxonomy":"product_tag","embeddable":true,"href":"https:\/\/bico.ee\/lt\/wp-json\/wp\/v2\/product_tag?post=18990"}],"curies":[{"name":"wp","href":"https:\/\/api.w.org\/{rel}","templated":true}]}}