{"id":18994,"date":"2026-04-10T18:44:02","date_gmt":"2026-04-10T18:44:02","guid":{"rendered":""},"modified":"2026-04-10T18:44:02","modified_gmt":"2026-04-10T18:44:02","slug":"bico-phalanx-must-nahast-ja-metallist-kaevoru-ca29-must-10mm-13-16","status":"publish","type":"product","link":"https:\/\/bico.ee\/lt\/p\/bico-phalanx-juoda-odine-ir-metaline-apyranke-ca29-juoda-10mm-13-16\/","title":{"rendered":"Bico &#8220;Phalanx&#8221; juoda odin\u0117 ir metalin\u0117 apyrank\u0117 (CA29 juoda) 10mm 13\/16\u00b4\u00b4"},"content":{"rendered":"<p>Pavadinimas: Falanga Reik\u0161m\u0117: \u201eUnited We Stand\u201c Odinis laidas kartu su oksiduota ir matine alavu bei rank\u0173 darbo alavo u\u017esegimu. Galimi ilgiai: 21 ir 24 cm.<\/p>","protected":false},"excerpt":{"rendered":"<p>CA29-1 0<\/p>\n","protected":false},"featured_media":18995,"template":"","meta":[],"product_cat":[106,160],"product_tag":[],"_links":{"self":[{"href":"https:\/\/bico.ee\/lt\/wp-json\/wp\/v2\/product\/18994"}],"collection":[{"href":"https:\/\/bico.ee\/lt\/wp-json\/wp\/v2\/product"}],"about":[{"href":"https:\/\/bico.ee\/lt\/wp-json\/wp\/v2\/types\/product"}],"wp:featuredmedia":[{"embeddable":true,"href":"https:\/\/bico.ee\/lt\/wp-json\/wp\/v2\/media\/18995"}],"wp:attachment":[{"href":"https:\/\/bico.ee\/lt\/wp-json\/wp\/v2\/media?parent=18994"}],"wp:term":[{"taxonomy":"product_cat","embeddable":true,"href":"https:\/\/bico.ee\/lt\/wp-json\/wp\/v2\/product_cat?post=18994"},{"taxonomy":"product_tag","embeddable":true,"href":"https:\/\/bico.ee\/lt\/wp-json\/wp\/v2\/product_tag?post=18994"}],"curies":[{"name":"wp","href":"https:\/\/api.w.org\/{rel}","templated":true}]}}