{"id":19002,"date":"2026-04-10T18:44:02","date_gmt":"2026-04-10T18:44:02","guid":{"rendered":""},"modified":"2026-04-10T18:44:02","modified_gmt":"2026-04-10T18:44:02","slug":"bico-cassiopeia-venitav-kaevoru-kristallidega-ca31","status":"publish","type":"product","link":"https:\/\/bico.ee\/lt\/p\/bico-cassiopeia-tempiamas-apyranke-su-kristalais-ca31\/","title":{"rendered":"Bico &#8220;Cassiopeia&#8221; tempiamas apyrank\u0117 su kristalais (CA31)"},"content":{"rendered":"<p>\u0160i gra\u017ei apyrank\u0117 yra papuo\u0161ta Swarovski kristalais ir t\u0119siasi vir\u0161 j\u016bs\u0173 rankos. Pavadinimas: Cassiopeia Reik\u0161m\u0117: Pasitikintis gro\u017eiu Galimos spalvos: Skaidri, m\u0117lyna, ro\u017ein\u0117, raudona, \u0161viesiai m\u0117lyna Galima tik 18 cm.<\/p>","protected":false},"excerpt":{"rendered":"<p>CA31 0<\/p>\n","protected":false},"featured_media":19003,"template":"","meta":[],"product_cat":[106,160],"product_tag":[],"_links":{"self":[{"href":"https:\/\/bico.ee\/lt\/wp-json\/wp\/v2\/product\/19002"}],"collection":[{"href":"https:\/\/bico.ee\/lt\/wp-json\/wp\/v2\/product"}],"about":[{"href":"https:\/\/bico.ee\/lt\/wp-json\/wp\/v2\/types\/product"}],"wp:featuredmedia":[{"embeddable":true,"href":"https:\/\/bico.ee\/lt\/wp-json\/wp\/v2\/media\/19003"}],"wp:attachment":[{"href":"https:\/\/bico.ee\/lt\/wp-json\/wp\/v2\/media?parent=19002"}],"wp:term":[{"taxonomy":"product_cat","embeddable":true,"href":"https:\/\/bico.ee\/lt\/wp-json\/wp\/v2\/product_cat?post=19002"},{"taxonomy":"product_tag","embeddable":true,"href":"https:\/\/bico.ee\/lt\/wp-json\/wp\/v2\/product_tag?post=19002"}],"curies":[{"name":"wp","href":"https:\/\/api.w.org\/{rel}","templated":true}]}}