{"id":19006,"date":"2026-04-10T18:44:02","date_gmt":"2026-04-10T18:44:02","guid":{"rendered":""},"modified":"2026-04-10T18:44:02","modified_gmt":"2026-04-10T18:44:02","slug":"bico-berenice-venitav-kaevoru-kristallidega-ca33","status":"publish","type":"product","link":"https:\/\/bico.ee\/lt\/p\/bico-berenice-tempiamas-apyranke-su-kristalais-ca33\/","title":{"rendered":"Bico &#8220;Berenice&#8221; tempiamas apyrank\u0117 su kristalais (CA33)"},"content":{"rendered":"<p>\u0160i gra\u017ei apyrank\u0117 yra papuo\u0161ta Swarovski kristalais ir t\u0119siasi vir\u0161 j\u016bs\u0173 rankos. Pavadinimas: Berenice Reik\u0161m\u0117: Pergal\u0117s ne\u0161\u0117jas Spalvos: m\u0117lyna, ro\u017ein\u0117, raudona Galima tik 18 cm.<\/p>","protected":false},"excerpt":{"rendered":"<p>CA33 0<\/p>\n","protected":false},"featured_media":19007,"template":"","meta":[],"product_cat":[106,160],"product_tag":[],"_links":{"self":[{"href":"https:\/\/bico.ee\/lt\/wp-json\/wp\/v2\/product\/19006"}],"collection":[{"href":"https:\/\/bico.ee\/lt\/wp-json\/wp\/v2\/product"}],"about":[{"href":"https:\/\/bico.ee\/lt\/wp-json\/wp\/v2\/types\/product"}],"wp:featuredmedia":[{"embeddable":true,"href":"https:\/\/bico.ee\/lt\/wp-json\/wp\/v2\/media\/19007"}],"wp:attachment":[{"href":"https:\/\/bico.ee\/lt\/wp-json\/wp\/v2\/media?parent=19006"}],"wp:term":[{"taxonomy":"product_cat","embeddable":true,"href":"https:\/\/bico.ee\/lt\/wp-json\/wp\/v2\/product_cat?post=19006"},{"taxonomy":"product_tag","embeddable":true,"href":"https:\/\/bico.ee\/lt\/wp-json\/wp\/v2\/product_tag?post=19006"}],"curies":[{"name":"wp","href":"https:\/\/api.w.org\/{rel}","templated":true}]}}