{"id":19010,"date":"2026-04-10T18:44:02","date_gmt":"2026-04-10T18:44:02","guid":{"rendered":""},"modified":"2026-04-10T18:44:02","modified_gmt":"2026-04-10T18:44:02","slug":"venitav-kristallidega-kaevoru-bico-cetus-ca35-moe-ehted","status":"publish","type":"product","link":"https:\/\/bico.ee\/lt\/p\/bico-cetus-tempiamas-apyranke-su-kristalais-ca35-madingi-papuosalai\/","title":{"rendered":"Bico &#8220;Cetus&#8221; tempiamas apyrank\u0117 su kristalais (CA35) &#8211; madingi papuo\u0161alai"},"content":{"rendered":"<p>\u0160i gra\u017ei apyrank\u0117 yra papuo\u0161ta Swarovski kristalais ir t\u0119siasi vir\u0161 j\u016bs\u0173 rankos. Vardas: vaisius Reik\u0161m\u0117: pakinktai Laukin\u0117 \u0161viesa Galimos spalvos: Skaidri, m\u0117lyna, ro\u017ein\u0117, raudona, \u0161viesiai m\u0117lyna Galima tik 18 cm.<\/p>","protected":false},"excerpt":{"rendered":"<p>CA35 0<\/p>\n","protected":false},"featured_media":19011,"template":"","meta":[],"product_cat":[106,160],"product_tag":[],"_links":{"self":[{"href":"https:\/\/bico.ee\/lt\/wp-json\/wp\/v2\/product\/19010"}],"collection":[{"href":"https:\/\/bico.ee\/lt\/wp-json\/wp\/v2\/product"}],"about":[{"href":"https:\/\/bico.ee\/lt\/wp-json\/wp\/v2\/types\/product"}],"wp:featuredmedia":[{"embeddable":true,"href":"https:\/\/bico.ee\/lt\/wp-json\/wp\/v2\/media\/19011"}],"wp:attachment":[{"href":"https:\/\/bico.ee\/lt\/wp-json\/wp\/v2\/media?parent=19010"}],"wp:term":[{"taxonomy":"product_cat","embeddable":true,"href":"https:\/\/bico.ee\/lt\/wp-json\/wp\/v2\/product_cat?post=19010"},{"taxonomy":"product_tag","embeddable":true,"href":"https:\/\/bico.ee\/lt\/wp-json\/wp\/v2\/product_tag?post=19010"}],"curies":[{"name":"wp","href":"https:\/\/api.w.org\/{rel}","templated":true}]}}