{"id":19018,"date":"2026-04-10T18:44:02","date_gmt":"2026-04-10T18:44:02","guid":{"rendered":""},"modified":"2026-04-10T18:44:02","modified_gmt":"2026-04-10T18:44:02","slug":"bico-fleurette-kasitsi-kootud-kaevoru-kristallidega-ca37-pruun-neutraalne-roosa","status":"publish","type":"product","link":"https:\/\/bico.ee\/lt\/p\/bico-fleurette-ranku-darbo-apyranke-su-kristalais-ca37-ruda-neutrali-rozine\/","title":{"rendered":"Bico &#8220;Fleurette&#8221; rank\u0173 darbo apyrank\u0117 su kristalais (CA37 ruda, neutrali ro\u017ein\u0117)"},"content":{"rendered":"<p>Pavadinimas: \u201eFleurette\u201c apyrank\u0117 Reik\u0161m\u0117: \u012fsimintina ir ver\u017eli, pavasari\u0161ka Kiekviena apyrank\u0117 yra individualiai austa rankomis i\u0161 medviln\u0117s sruog\u0173, \u012fpinta oksiduot\u0173 matini\u0173 gatav\u0173 alavo element\u0173, u\u017epildyt\u0173 \u201eSwarovski\u201c kristalais. Galima \u012fsigyti: skaidri\u0173, m\u0117lyn\u0173, ro\u017eini\u0173, \u0161viesiai m\u0117lyn\u0173 \u201eSwarovski\u201c kristal\u0173. Galimi ilgiai: 18 ir 21 cm<\/p>","protected":false},"excerpt":{"rendered":"<p>CA37BRN-3 0<\/p>\n","protected":false},"featured_media":19019,"template":"","meta":[],"product_cat":[106,160],"product_tag":[],"_links":{"self":[{"href":"https:\/\/bico.ee\/lt\/wp-json\/wp\/v2\/product\/19018"}],"collection":[{"href":"https:\/\/bico.ee\/lt\/wp-json\/wp\/v2\/product"}],"about":[{"href":"https:\/\/bico.ee\/lt\/wp-json\/wp\/v2\/types\/product"}],"wp:featuredmedia":[{"embeddable":true,"href":"https:\/\/bico.ee\/lt\/wp-json\/wp\/v2\/media\/19019"}],"wp:attachment":[{"href":"https:\/\/bico.ee\/lt\/wp-json\/wp\/v2\/media?parent=19018"}],"wp:term":[{"taxonomy":"product_cat","embeddable":true,"href":"https:\/\/bico.ee\/lt\/wp-json\/wp\/v2\/product_cat?post=19018"},{"taxonomy":"product_tag","embeddable":true,"href":"https:\/\/bico.ee\/lt\/wp-json\/wp\/v2\/product_tag?post=19018"}],"curies":[{"name":"wp","href":"https:\/\/api.w.org\/{rel}","templated":true}]}}