{"id":19022,"date":"2026-04-10T18:44:02","date_gmt":"2026-04-10T18:44:02","guid":{"rendered":""},"modified":"2026-04-10T18:44:02","modified_gmt":"2026-04-10T18:44:02","slug":"bico-fleurette-kasitsi-kootud-kaevoru-kristallidega-ca37-pruun-punane","status":"publish","type":"product","link":"https:\/\/bico.ee\/lt\/p\/bico-fleurette-rankine-apyranke-su-kristalais-ca37-ruda-raudona\/","title":{"rendered":"Bico &#8220;Fleurette&#8221; rankin\u0117 apyrank\u0117 su kristalais (CA37 ruda raudona)"},"content":{"rendered":"<p>Pavadinimas: \u201eFleurette\u201c apyrank\u0117 Reik\u0161m\u0117: \u012fsimintina ir ver\u017eli, pavasari\u0161ka Kiekviena apyrank\u0117 yra individualiai austa rankomis i\u0161 medviln\u0117s sruog\u0173, \u012fpinta oksiduot\u0173 matini\u0173 gatav\u0173 alavo element\u0173, u\u017epildyt\u0173 \u201eSwarovski\u201c kristalais. Galima \u012fsigyti tik su raudonais Swarovski kristalais. Galimi ilgiai: 18 ir 21 cm<\/p>","protected":false},"excerpt":{"rendered":"<p>CA37BRR 0<\/p>\n","protected":false},"featured_media":19023,"template":"","meta":[],"product_cat":[106,160],"product_tag":[],"_links":{"self":[{"href":"https:\/\/bico.ee\/lt\/wp-json\/wp\/v2\/product\/19022"}],"collection":[{"href":"https:\/\/bico.ee\/lt\/wp-json\/wp\/v2\/product"}],"about":[{"href":"https:\/\/bico.ee\/lt\/wp-json\/wp\/v2\/types\/product"}],"wp:featuredmedia":[{"embeddable":true,"href":"https:\/\/bico.ee\/lt\/wp-json\/wp\/v2\/media\/19023"}],"wp:attachment":[{"href":"https:\/\/bico.ee\/lt\/wp-json\/wp\/v2\/media?parent=19022"}],"wp:term":[{"taxonomy":"product_cat","embeddable":true,"href":"https:\/\/bico.ee\/lt\/wp-json\/wp\/v2\/product_cat?post=19022"},{"taxonomy":"product_tag","embeddable":true,"href":"https:\/\/bico.ee\/lt\/wp-json\/wp\/v2\/product_tag?post=19022"}],"curies":[{"name":"wp","href":"https:\/\/api.w.org\/{rel}","templated":true}]}}