{"id":19028,"date":"2026-04-10T18:44:02","date_gmt":"2026-04-10T18:44:02","guid":{"rendered":""},"modified":"2026-04-10T18:44:02","modified_gmt":"2026-04-10T18:44:02","slug":"bico-flower-garland-kasitsi-kootud-kaevoru-kristallidega-ca38-must-roosa","status":"publish","type":"product","link":"https:\/\/bico.ee\/lt\/p\/bico-geliu-girlianda-ranku-darbo-apyranke-su-kristalais-ca38-juoda-rozine\/","title":{"rendered":"Bico &#8220;G\u0117li\u0173 girlianda&#8221; rank\u0173 darbo apyrank\u0117 su kristalais (CA38 juoda ro\u017ein\u0117)"},"content":{"rendered":"<p>Pavadinimas: G\u0117li\u0173 girlianda Reik\u0161m\u0117: Nekaltyb\u0117 ir laisv\u0117 Kiekviena apyrank\u0117 yra individualiai austa rankomis i\u0161 medviln\u0117s sruog\u0173, \u012fpinta oksiduot\u0173 matini\u0173 alavo element\u0173, u\u017epildyt\u0173 \u201eSwarovski\u201c kristalais. Galimi: skaidr\u016bs, m\u0117lyni, ro\u017einiai, \u0161viesiai m\u0117lyni ir raudoni \u201eSwarovski\u201c kristalai. Galimi ilgiai: 18 ir 21 cm<\/p>","protected":false},"excerpt":{"rendered":"<p>CA38BLK-3 0<\/p>\n","protected":false},"featured_media":19029,"template":"","meta":[],"product_cat":[106,160],"product_tag":[],"_links":{"self":[{"href":"https:\/\/bico.ee\/lt\/wp-json\/wp\/v2\/product\/19028"}],"collection":[{"href":"https:\/\/bico.ee\/lt\/wp-json\/wp\/v2\/product"}],"about":[{"href":"https:\/\/bico.ee\/lt\/wp-json\/wp\/v2\/types\/product"}],"wp:featuredmedia":[{"embeddable":true,"href":"https:\/\/bico.ee\/lt\/wp-json\/wp\/v2\/media\/19029"}],"wp:attachment":[{"href":"https:\/\/bico.ee\/lt\/wp-json\/wp\/v2\/media?parent=19028"}],"wp:term":[{"taxonomy":"product_cat","embeddable":true,"href":"https:\/\/bico.ee\/lt\/wp-json\/wp\/v2\/product_cat?post=19028"},{"taxonomy":"product_tag","embeddable":true,"href":"https:\/\/bico.ee\/lt\/wp-json\/wp\/v2\/product_tag?post=19028"}],"curies":[{"name":"wp","href":"https:\/\/api.w.org\/{rel}","templated":true}]}}