{"id":19046,"date":"2026-04-10T18:44:02","date_gmt":"2026-04-10T18:44:02","guid":{"rendered":""},"modified":"2026-04-10T18:44:02","modified_gmt":"2026-04-10T18:44:02","slug":"bico-amaria-kasitsi-kootud-kaevoru-kristallidega-ca39-pruun-punane","status":"publish","type":"product","link":"https:\/\/bico.ee\/lt\/p\/bico-amaria-rankine-apyranke-su-kristalais-ca39-brown-red\/","title":{"rendered":"Bico &#8220;Amaria&#8221; rankin\u0117 apyrank\u0117 su kristalais (CA39 Brown Red)"},"content":{"rendered":"<p>Pavadinimas: Amaria Reik\u0161m\u0117: putojanti gyvyb\u0117s \u0161viesa Kiekviena apyrank\u0117 yra individualiai austa rankomis i\u0161 medviln\u0117s sruog\u0173, \u012fpinta oksiduot\u0173 matini\u0173 gatav\u0173 alavo element\u0173, u\u017epildyt\u0173 Swarovski kristalais. Galimi: skaidr\u016bs, m\u0117lyni, ro\u017einiai, \u0161viesiai m\u0117lyni ir raudoni \u201eSwarovski\u201c kristalai. Galimi ilgiai: 18 ir 21 cm<\/p>","protected":false},"excerpt":{"rendered":"<p>CA39BRR 0<\/p>\n","protected":false},"featured_media":19047,"template":"","meta":[],"product_cat":[106,160],"product_tag":[],"_links":{"self":[{"href":"https:\/\/bico.ee\/lt\/wp-json\/wp\/v2\/product\/19046"}],"collection":[{"href":"https:\/\/bico.ee\/lt\/wp-json\/wp\/v2\/product"}],"about":[{"href":"https:\/\/bico.ee\/lt\/wp-json\/wp\/v2\/types\/product"}],"wp:featuredmedia":[{"embeddable":true,"href":"https:\/\/bico.ee\/lt\/wp-json\/wp\/v2\/media\/19047"}],"wp:attachment":[{"href":"https:\/\/bico.ee\/lt\/wp-json\/wp\/v2\/media?parent=19046"}],"wp:term":[{"taxonomy":"product_cat","embeddable":true,"href":"https:\/\/bico.ee\/lt\/wp-json\/wp\/v2\/product_cat?post=19046"},{"taxonomy":"product_tag","embeddable":true,"href":"https:\/\/bico.ee\/lt\/wp-json\/wp\/v2\/product_tag?post=19046"}],"curies":[{"name":"wp","href":"https:\/\/api.w.org\/{rel}","templated":true}]}}