{"id":19075,"date":"2026-04-10T18:44:02","date_gmt":"2026-04-10T18:44:02","guid":{"rendered":""},"modified":"2026-04-10T18:44:02","modified_gmt":"2026-04-10T18:44:02","slug":"bico-tail-gunner-316l-roostevabast-terasest-mustad-inkrusteeritud-rongad-ar26-originaalteras","status":"publish","type":"product","link":"https:\/\/bico.ee\/lt\/p\/bico-tail-gunner-316l-nerudijancio-plieno-juodas-inkrustuotas-ziedas-ar26-originalus-plienas\/","title":{"rendered":"Bico &#8220;Tail Gunner&#8221; 316L ner\u016bdijan\u010dio plieno juodas inkrustuotas \u017eiedas (AR26) &#8211; originalus plienas"},"content":{"rendered":"<p>Z+1 Originalus ir unikalus \u201eBico\u201c dizainas. Kiekvienas \u017eiedas yra i\u0161rai\u017eytas i\u0161 tvirto 316L ner\u016bdijan\u010dio plieno strypo ir po to individualiai apdirbamas rankomis iki blizgesio. JAV dyd\u017eiai konvertuoti \u012f artimiausi\u0105 JK dyd\u012f. Komplektuojamas su \u201eBico\u201c dovan\u0173 mai\u0161eliu. <Br> <Br> R\u016bpinimasis j\u016bs\u0173 \u201eBico\u201c gaminiu: pagamintas i\u0161 hipoalerginio 316L chirurginio ner\u016bdijan\u010dio plieno, \u0161is ypatingai kietas metalas nesuteps d\u0117mi\u0173 ir bus atsparus \u012fbr\u0117\u017eimams. Tiesiog nuplaukite gamin\u012f \u0161iltu vandeniu ir muilu arba plovikliu, nuplaukite ir, jei reikia, i\u0161d\u017eiovinkite mink\u0161tu skudur\u0117liu. Pavadinimas: Tikslus Reik\u0161m\u0117: i\u0161matuotas, tikslus Suprojektuotas ir pagamintas Australijoje i\u0161 316L ner\u016bdijan\u010dio plieno Dydis: UK Z+1 (JAV 13) Skersmuo 22,3 mm Apimtis: 70 mm. Galimi dyd\u017eiai: 17,18,19,20,21,22,32<\/p>","protected":false},"excerpt":{"rendered":"<p>AR26 0<\/p>\n","protected":false},"featured_media":19076,"template":"","meta":[],"product_cat":[113,125],"product_tag":[],"_links":{"self":[{"href":"https:\/\/bico.ee\/lt\/wp-json\/wp\/v2\/product\/19075"}],"collection":[{"href":"https:\/\/bico.ee\/lt\/wp-json\/wp\/v2\/product"}],"about":[{"href":"https:\/\/bico.ee\/lt\/wp-json\/wp\/v2\/types\/product"}],"wp:featuredmedia":[{"embeddable":true,"href":"https:\/\/bico.ee\/lt\/wp-json\/wp\/v2\/media\/19076"}],"wp:attachment":[{"href":"https:\/\/bico.ee\/lt\/wp-json\/wp\/v2\/media?parent=19075"}],"wp:term":[{"taxonomy":"product_cat","embeddable":true,"href":"https:\/\/bico.ee\/lt\/wp-json\/wp\/v2\/product_cat?post=19075"},{"taxonomy":"product_tag","embeddable":true,"href":"https:\/\/bico.ee\/lt\/wp-json\/wp\/v2\/product_tag?post=19075"}],"curies":[{"name":"wp","href":"https:\/\/api.w.org\/{rel}","templated":true}]}}