{"id":19091,"date":"2026-04-10T18:44:03","date_gmt":"2026-04-10T18:44:03","guid":{"rendered":""},"modified":"2026-04-10T18:44:03","modified_gmt":"2026-04-10T18:44:03","slug":"bico-paw-ripats-labipaistva-vaiguga-b226","status":"publish","type":"product","link":"https:\/\/bico.ee\/lt\/p\/bico-paw-pakabukas-su-permatoma-derva-b226\/","title":{"rendered":"Bico &#8220;Paw&#8221; pakabukas su permatoma derva (B226)"},"content":{"rendered":"<p>Tai nesenstan\u010dio \u201eBico\u201c piktogram\u0173 pakabuk\u0173 asortimento dalis, derinanti metal\u0105 su spalvotais derva. Vardas: letena Reik\u0161m\u0117: ypatingas ry\u0161ys, geriausias draugas Originalus \u201eBico\u201c sukurtas pakabukas su m\u016bs\u0173 unikaliu oksiduoto matinio sidabro apdaila kartu su skaidrios spalvos derva. Galimos spalvos: m\u0117lyna, juoda, raudona, \u0161viesiai m\u0117lyna. Pakabuko plotis: 2,1 cm, ilgis: 2,1 cm<\/p>","protected":false},"excerpt":{"rendered":"<p>B226 0<\/p>\n","protected":false},"featured_media":19092,"template":"","meta":[],"product_cat":[277,289],"product_tag":[],"_links":{"self":[{"href":"https:\/\/bico.ee\/lt\/wp-json\/wp\/v2\/product\/19091"}],"collection":[{"href":"https:\/\/bico.ee\/lt\/wp-json\/wp\/v2\/product"}],"about":[{"href":"https:\/\/bico.ee\/lt\/wp-json\/wp\/v2\/types\/product"}],"wp:featuredmedia":[{"embeddable":true,"href":"https:\/\/bico.ee\/lt\/wp-json\/wp\/v2\/media\/19092"}],"wp:attachment":[{"href":"https:\/\/bico.ee\/lt\/wp-json\/wp\/v2\/media?parent=19091"}],"wp:term":[{"taxonomy":"product_cat","embeddable":true,"href":"https:\/\/bico.ee\/lt\/wp-json\/wp\/v2\/product_cat?post=19091"},{"taxonomy":"product_tag","embeddable":true,"href":"https:\/\/bico.ee\/lt\/wp-json\/wp\/v2\/product_tag?post=19091"}],"curies":[{"name":"wp","href":"https:\/\/api.w.org\/{rel}","templated":true}]}}