{"id":19093,"date":"2026-04-10T18:44:03","date_gmt":"2026-04-10T18:44:03","guid":{"rendered":""},"modified":"2026-04-10T18:44:03","modified_gmt":"2026-04-10T18:44:03","slug":"bico-pax-rahuripats-labipaistva-vaiguga-b229","status":"publish","type":"product","link":"https:\/\/bico.ee\/lt\/p\/bico-pax-taikos-pakabukas-su-permatoma-derva-b229\/","title":{"rendered":"Bico &#8220;Pax&#8221; taikos pakabukas su permatoma derva (B229)"},"content":{"rendered":"<p>Tai nesenstan\u010dio \u201eBico\u201c piktogram\u0173 pakabuk\u0173 asortimento dalis, derinanti metal\u0105 su spalvotais derva. Pavadinimas: Vilties juostel\u0117 Reik\u0161m\u0117: solidarumas ir vienyb\u0117, galia \u012fveikti Originalus \u201eBico\u201c sukurtas pakabukas su m\u016bs\u0173 unikaliu oksiduoto matinio sidabro apdaila ir skaidrios spalvos derva. Galima tik ro\u017ein\u0117s spalvos. Pakabuko plotis: 1,7 cm, ilgis: 2,6 cm<\/p>","protected":false},"excerpt":{"rendered":"<p>B229 0<\/p>\n","protected":false},"featured_media":19094,"template":"","meta":[],"product_cat":[277,289],"product_tag":[],"_links":{"self":[{"href":"https:\/\/bico.ee\/lt\/wp-json\/wp\/v2\/product\/19093"}],"collection":[{"href":"https:\/\/bico.ee\/lt\/wp-json\/wp\/v2\/product"}],"about":[{"href":"https:\/\/bico.ee\/lt\/wp-json\/wp\/v2\/types\/product"}],"wp:featuredmedia":[{"embeddable":true,"href":"https:\/\/bico.ee\/lt\/wp-json\/wp\/v2\/media\/19094"}],"wp:attachment":[{"href":"https:\/\/bico.ee\/lt\/wp-json\/wp\/v2\/media?parent=19093"}],"wp:term":[{"taxonomy":"product_cat","embeddable":true,"href":"https:\/\/bico.ee\/lt\/wp-json\/wp\/v2\/product_cat?post=19093"},{"taxonomy":"product_tag","embeddable":true,"href":"https:\/\/bico.ee\/lt\/wp-json\/wp\/v2\/product_tag?post=19093"}],"curies":[{"name":"wp","href":"https:\/\/api.w.org\/{rel}","templated":true}]}}