{"id":19095,"date":"2026-04-10T18:44:03","date_gmt":"2026-04-10T18:44:03","guid":{"rendered":""},"modified":"2026-04-10T18:44:03","modified_gmt":"2026-04-10T18:44:03","slug":"bico-labipaistva-vaiguga-ripats-cherished-heart-b231","status":"publish","type":"product","link":"https:\/\/bico.ee\/lt\/p\/bico-pakabukas-cherished-heart-su-permatoma-derva-b231\/","title":{"rendered":"Bico pakabukas &#8220;Cherished Heart&#8221; su permatoma derva (B231)"},"content":{"rendered":"<p>Tai nesenstan\u010dio \u201eBico\u201c piktogram\u0173 pakabuk\u0173 asortimento dalis, derinanti metal\u0105 su spalvotais derva. Vardas: brangi \u0161irdis Reik\u0161m\u0117: apsauga ir meil\u0117 Originalus \u201eBico\u201c sukurtas pakabukas su unikaliu oksiduoto matinio sidabro apdaila ir skaidrios spalvos derva. Galimos spalvos: m\u0117lyna, juoda, raudona, \u0161viesiai m\u0117lyna. Pakabuko plotis: 1,9 cm, ilgis: 2,5 cm<\/p>","protected":false},"excerpt":{"rendered":"<p>B231 0<\/p>\n","protected":false},"featured_media":19096,"template":"","meta":[],"product_cat":[277,289],"product_tag":[],"_links":{"self":[{"href":"https:\/\/bico.ee\/lt\/wp-json\/wp\/v2\/product\/19095"}],"collection":[{"href":"https:\/\/bico.ee\/lt\/wp-json\/wp\/v2\/product"}],"about":[{"href":"https:\/\/bico.ee\/lt\/wp-json\/wp\/v2\/types\/product"}],"wp:featuredmedia":[{"embeddable":true,"href":"https:\/\/bico.ee\/lt\/wp-json\/wp\/v2\/media\/19096"}],"wp:attachment":[{"href":"https:\/\/bico.ee\/lt\/wp-json\/wp\/v2\/media?parent=19095"}],"wp:term":[{"taxonomy":"product_cat","embeddable":true,"href":"https:\/\/bico.ee\/lt\/wp-json\/wp\/v2\/product_cat?post=19095"},{"taxonomy":"product_tag","embeddable":true,"href":"https:\/\/bico.ee\/lt\/wp-json\/wp\/v2\/product_tag?post=19095"}],"curies":[{"name":"wp","href":"https:\/\/api.w.org\/{rel}","templated":true}]}}