{"id":19097,"date":"2026-04-10T18:44:03","date_gmt":"2026-04-10T18:44:03","guid":{"rendered":""},"modified":"2026-04-10T18:44:03","modified_gmt":"2026-04-10T18:44:03","slug":"bico-royal-pick-ripats-labipaistva-vaiguga-b232","status":"publish","type":"product","link":"https:\/\/bico.ee\/lt\/p\/bico-royal-pick-pakabukas-su-permatoma-derva-b232\/","title":{"rendered":"Bico &#8220;Royal Pick&#8221; pakabukas su permatoma derva (B232)"},"content":{"rendered":"<p>Tai nesenstan\u010dio \u201eBico\u201c piktogram\u0173 pakabuk\u0173 asortimento dalis, derinanti metal\u0105 su spalvotais derva. Pavadinimas: \u201eRoyal Pick\u201c Reik\u0161m\u0117: muzika yra monarch\u0117 Originalus \u201eBico\u201c sukurtas pakabukas su m\u016bs\u0173 unikaliu oksiduoto matinio sidabro apdaila kartu su skaidrios spalvos derva. Galimos spalvos: m\u0117lyna, juoda, raudona, \u0161viesiai m\u0117lyna. Pakabuko plotis: 2,2 cm, ilgis: 2,2 cm<\/p>","protected":false},"excerpt":{"rendered":"<p>B232 0<\/p>\n","protected":false},"featured_media":19098,"template":"","meta":[],"product_cat":[277,289],"product_tag":[],"_links":{"self":[{"href":"https:\/\/bico.ee\/lt\/wp-json\/wp\/v2\/product\/19097"}],"collection":[{"href":"https:\/\/bico.ee\/lt\/wp-json\/wp\/v2\/product"}],"about":[{"href":"https:\/\/bico.ee\/lt\/wp-json\/wp\/v2\/types\/product"}],"wp:featuredmedia":[{"embeddable":true,"href":"https:\/\/bico.ee\/lt\/wp-json\/wp\/v2\/media\/19098"}],"wp:attachment":[{"href":"https:\/\/bico.ee\/lt\/wp-json\/wp\/v2\/media?parent=19097"}],"wp:term":[{"taxonomy":"product_cat","embeddable":true,"href":"https:\/\/bico.ee\/lt\/wp-json\/wp\/v2\/product_cat?post=19097"},{"taxonomy":"product_tag","embeddable":true,"href":"https:\/\/bico.ee\/lt\/wp-json\/wp\/v2\/product_tag?post=19097"}],"curies":[{"name":"wp","href":"https:\/\/api.w.org\/{rel}","templated":true}]}}