{"id":19099,"date":"2026-04-10T18:44:03","date_gmt":"2026-04-10T18:44:03","guid":{"rendered":""},"modified":"2026-04-10T18:44:03","modified_gmt":"2026-04-10T18:44:03","slug":"bico-cyber-hasu-ripats-labipaistva-vaiguga-b233","status":"publish","type":"product","link":"https:\/\/bico.ee\/lt\/p\/bico-cyber-hasu-pakabukas-su-permatoma-derva-b233\/","title":{"rendered":"Bico &#8220;Cyber \u200b\u200bHasu&#8221; pakabukas su permatoma derva (B233)"},"content":{"rendered":"<p>Tai nesenstan\u010dio \u201eBico\u201c piktogram\u0173 pakabuk\u0173 asortimento dalis, derinanti metal\u0105 su spalvotais derva. Pavadinimas: \u201eCyber \u200b\u200bHasu\u201c Reik\u0161m\u0117: skaitmenin\u0117 metamorfoz\u0117 Originalus \u201eBico\u201c sukurtas pakabukas su m\u016bs\u0173 unikaliu oksiduoto matinio sidabro apdaila ir skaidrios spalvos derva. Galimos spalvos: m\u0117lyna, juoda, raudona, \u0161viesiai m\u0117lyna. Pakabuko plotis: 2,4 cm, ilgis: 2,4 cm<\/p>","protected":false},"excerpt":{"rendered":"<p>B233 0<\/p>\n","protected":false},"featured_media":19100,"template":"","meta":[],"product_cat":[277,289],"product_tag":[],"_links":{"self":[{"href":"https:\/\/bico.ee\/lt\/wp-json\/wp\/v2\/product\/19099"}],"collection":[{"href":"https:\/\/bico.ee\/lt\/wp-json\/wp\/v2\/product"}],"about":[{"href":"https:\/\/bico.ee\/lt\/wp-json\/wp\/v2\/types\/product"}],"wp:featuredmedia":[{"embeddable":true,"href":"https:\/\/bico.ee\/lt\/wp-json\/wp\/v2\/media\/19100"}],"wp:attachment":[{"href":"https:\/\/bico.ee\/lt\/wp-json\/wp\/v2\/media?parent=19099"}],"wp:term":[{"taxonomy":"product_cat","embeddable":true,"href":"https:\/\/bico.ee\/lt\/wp-json\/wp\/v2\/product_cat?post=19099"},{"taxonomy":"product_tag","embeddable":true,"href":"https:\/\/bico.ee\/lt\/wp-json\/wp\/v2\/product_tag?post=19099"}],"curies":[{"name":"wp","href":"https:\/\/api.w.org\/{rel}","templated":true}]}}