{"id":19105,"date":"2026-04-10T18:44:03","date_gmt":"2026-04-10T18:44:03","guid":{"rendered":""},"modified":"2026-04-10T18:44:03","modified_gmt":"2026-04-10T18:44:03","slug":"bico-kristallidega-kaitseingli-ripats-ms7","status":"publish","type":"product","link":"https:\/\/bico.ee\/lt\/p\/bico-pakabukas-angelas-sargas-su-kristalais-ms7\/","title":{"rendered":"Bico pakabukas &#8220;Angelas sargas&#8221; su kristalais (MS7)"},"content":{"rendered":"<p>Ma\u017eesnis Bico firminis pakabukas, ikoni\u0161kas ir simboli\u0161kas, papuo\u0161tas autenti\u0161kais Swarovski kristalais. Vardas: Angelas sargas Reik\u0161m\u0117: dievi\u0161ka apsauga, visada su jumis, niekada ne viena Galimos spalvos: m\u0117lyna, skaidri, raudona, \u0161viesiai m\u0117lyna, ro\u017ein\u0117 \u201eBico\u201c si\u016blo ma\u017eesn\u0119 grandin\u0119 (F0, F1, F2, F3, F95 iki F100) arba naudokite papildom\u0105 Kilpa ir beveik bet koks \u201eBico\u201c laidas ar pakaba, kad u\u017ebaigtum\u0117te rinkin\u012f. Pakabuko plotis: 1,3 cm, ilgis: 1,5 cm<\/p>","protected":false},"excerpt":{"rendered":"<p>MS7 0<\/p>\n","protected":false},"featured_media":19106,"template":"","meta":[],"product_cat":[277,292],"product_tag":[],"_links":{"self":[{"href":"https:\/\/bico.ee\/lt\/wp-json\/wp\/v2\/product\/19105"}],"collection":[{"href":"https:\/\/bico.ee\/lt\/wp-json\/wp\/v2\/product"}],"about":[{"href":"https:\/\/bico.ee\/lt\/wp-json\/wp\/v2\/types\/product"}],"wp:featuredmedia":[{"embeddable":true,"href":"https:\/\/bico.ee\/lt\/wp-json\/wp\/v2\/media\/19106"}],"wp:attachment":[{"href":"https:\/\/bico.ee\/lt\/wp-json\/wp\/v2\/media?parent=19105"}],"wp:term":[{"taxonomy":"product_cat","embeddable":true,"href":"https:\/\/bico.ee\/lt\/wp-json\/wp\/v2\/product_cat?post=19105"},{"taxonomy":"product_tag","embeddable":true,"href":"https:\/\/bico.ee\/lt\/wp-json\/wp\/v2\/product_tag?post=19105"}],"curies":[{"name":"wp","href":"https:\/\/api.w.org\/{rel}","templated":true}]}}