{"id":19107,"date":"2026-04-10T18:44:03","date_gmt":"2026-04-10T18:44:03","guid":{"rendered":""},"modified":"2026-04-10T18:44:03","modified_gmt":"2026-04-10T18:44:03","slug":"bico-patrician-kristallidega-ripats-ms8","status":"publish","type":"product","link":"https:\/\/bico.ee\/lt\/p\/bico-patrician-pakabukas-su-kristalais-ms8\/","title":{"rendered":"Bico &#8220;Patrician&#8221; pakabukas su kristalais (MS8)"},"content":{"rendered":"<p>Ma\u017eesnis Bico firminis pakabukas, ikoni\u0161kas ir simboli\u0161kas, papuo\u0161tas autenti\u0161kais Swarovski kristalais. Vardas: Patricijus Reik\u0161m\u0117: vadovaujamasi kilniais ketinimais Galimos spalvos: M\u0117lyna, skaidri, raudona, \u0161viesiai m\u0117lyna, ro\u017ein\u0117 arba choker, kad u\u017ebaigtum\u0117te rinkin\u012f. Pakabuko plotis: 1,4 cm, ilgis: 1,5 cm<\/p>","protected":false},"excerpt":{"rendered":"<p>MS8 0<\/p>\n","protected":false},"featured_media":19108,"template":"","meta":[],"product_cat":[277,292],"product_tag":[],"_links":{"self":[{"href":"https:\/\/bico.ee\/lt\/wp-json\/wp\/v2\/product\/19107"}],"collection":[{"href":"https:\/\/bico.ee\/lt\/wp-json\/wp\/v2\/product"}],"about":[{"href":"https:\/\/bico.ee\/lt\/wp-json\/wp\/v2\/types\/product"}],"wp:featuredmedia":[{"embeddable":true,"href":"https:\/\/bico.ee\/lt\/wp-json\/wp\/v2\/media\/19108"}],"wp:attachment":[{"href":"https:\/\/bico.ee\/lt\/wp-json\/wp\/v2\/media?parent=19107"}],"wp:term":[{"taxonomy":"product_cat","embeddable":true,"href":"https:\/\/bico.ee\/lt\/wp-json\/wp\/v2\/product_cat?post=19107"},{"taxonomy":"product_tag","embeddable":true,"href":"https:\/\/bico.ee\/lt\/wp-json\/wp\/v2\/product_tag?post=19107"}],"curies":[{"name":"wp","href":"https:\/\/api.w.org\/{rel}","templated":true}]}}