{"id":19109,"date":"2026-04-10T18:44:03","date_gmt":"2026-04-10T18:44:03","guid":{"rendered":""},"modified":"2026-04-10T18:44:03","modified_gmt":"2026-04-10T18:44:03","slug":"bico-ristikuvoti-kristallidega-ripats-ms9","status":"publish","type":"product","link":"https:\/\/bico.ee\/lt\/p\/bico-dobilo-rakto-pakabukas-su-kristalais-ms9\/","title":{"rendered":"Bico  dobilo rakto pakabukas su kristalais (MS9)"},"content":{"rendered":"<p>Ma\u017eesnis Bico firminis pakabukas, ikoni\u0161kas ir simboli\u0161kas, papuo\u0161tas autenti\u0161kais Swarovski kristalais. Pavadinimas: Dobilo raktas Reik\u0161m\u0117: s\u0117km\u0117s ir s\u0117km\u0117s raktas Galimos spalvos: m\u0117lyna, skaidri, raudona, \u0161viesiai m\u0117lyna, ro\u017ein\u0117 \u201eBico\u201c si\u016blo ma\u017eesn\u0119 grandin\u0119 (F0, F1, F2, F3, F95 iki F100) arba naudokite papildom\u0105 kilp\u0105 ir beveik bet kuris \u201eBico\u201c laidas ar pakaba, kad u\u017ebaigt\u0173 rinkin\u012f. Pakabuko plotis: 0,9 cm, ilgis: 2,2 cm<\/p>","protected":false},"excerpt":{"rendered":"<p>MS9 0<\/p>\n","protected":false},"featured_media":19110,"template":"","meta":[],"product_cat":[277,292],"product_tag":[],"_links":{"self":[{"href":"https:\/\/bico.ee\/lt\/wp-json\/wp\/v2\/product\/19109"}],"collection":[{"href":"https:\/\/bico.ee\/lt\/wp-json\/wp\/v2\/product"}],"about":[{"href":"https:\/\/bico.ee\/lt\/wp-json\/wp\/v2\/types\/product"}],"wp:featuredmedia":[{"embeddable":true,"href":"https:\/\/bico.ee\/lt\/wp-json\/wp\/v2\/media\/19110"}],"wp:attachment":[{"href":"https:\/\/bico.ee\/lt\/wp-json\/wp\/v2\/media?parent=19109"}],"wp:term":[{"taxonomy":"product_cat","embeddable":true,"href":"https:\/\/bico.ee\/lt\/wp-json\/wp\/v2\/product_cat?post=19109"},{"taxonomy":"product_tag","embeddable":true,"href":"https:\/\/bico.ee\/lt\/wp-json\/wp\/v2\/product_tag?post=19109"}],"curies":[{"name":"wp","href":"https:\/\/api.w.org\/{rel}","templated":true}]}}