{"id":19111,"date":"2026-04-10T18:44:03","date_gmt":"2026-04-10T18:44:03","guid":{"rendered":""},"modified":"2026-04-10T18:44:03","modified_gmt":"2026-04-10T18:44:03","slug":"bico-butterfly-kristallidega-ripats-ms10","status":"publish","type":"product","link":"https:\/\/bico.ee\/lt\/p\/bico-butterfly-pakabukas-su-kristalais-ms10\/","title":{"rendered":"Bico &#8220;Butterfly&#8221; pakabukas su kristalais (MS10)"},"content":{"rendered":"<p>Ma\u017eesnis Bico firminis pakabukas, ikoni\u0161kas ir simboli\u0161kas, papuo\u0161tas autenti\u0161kais Swarovski kristalais. Pavadinimas: Drugelis Reik\u0161m\u0117: asmenin\u0117 transformacija, malon\u0117 ir buvimo d\u017eiaugsmas Galimos spalvos: M\u0117lyna, skaidri, raudona, \u0161viesiai m\u0117lyna, ro\u017ein\u0117 \u201eBico\u201c si\u016blo ma\u017eesn\u0119 grandin\u0119 (F0, F1, F2, F3, F95 iki F100) arba naudokite papildom\u0105 kilp\u0105 ir beveik bet kok\u012f \u201eBico\u201c laid\u0105 ar pakabos komplekt\u0105. Pakabuko plotis: 1,3 cm, ilgis: 2 cm<\/p>","protected":false},"excerpt":{"rendered":"<p>MS10 0<\/p>\n","protected":false},"featured_media":19112,"template":"","meta":[],"product_cat":[277,292],"product_tag":[],"_links":{"self":[{"href":"https:\/\/bico.ee\/lt\/wp-json\/wp\/v2\/product\/19111"}],"collection":[{"href":"https:\/\/bico.ee\/lt\/wp-json\/wp\/v2\/product"}],"about":[{"href":"https:\/\/bico.ee\/lt\/wp-json\/wp\/v2\/types\/product"}],"wp:featuredmedia":[{"embeddable":true,"href":"https:\/\/bico.ee\/lt\/wp-json\/wp\/v2\/media\/19112"}],"wp:attachment":[{"href":"https:\/\/bico.ee\/lt\/wp-json\/wp\/v2\/media?parent=19111"}],"wp:term":[{"taxonomy":"product_cat","embeddable":true,"href":"https:\/\/bico.ee\/lt\/wp-json\/wp\/v2\/product_cat?post=19111"},{"taxonomy":"product_tag","embeddable":true,"href":"https:\/\/bico.ee\/lt\/wp-json\/wp\/v2\/product_tag?post=19111"}],"curies":[{"name":"wp","href":"https:\/\/api.w.org\/{rel}","templated":true}]}}