{"id":19113,"date":"2026-04-10T18:44:03","date_gmt":"2026-04-10T18:44:03","guid":{"rendered":""},"modified":"2026-04-10T18:44:03","modified_gmt":"2026-04-10T18:44:03","slug":"bico-petite-fleurette-lilleriip-kristallidega-ms11","status":"publish","type":"product","link":"https:\/\/bico.ee\/lt\/p\/bico-petite-fleurette-geliu-pakabukas-su-kristalais-ms11\/","title":{"rendered":"Bico &#8220;Petite Fleurette&#8221; g\u0117li\u0173 pakabukas su kristalais (MS11)"},"content":{"rendered":"<p>Ma\u017eesnis Bico firminis pakabukas, ikoni\u0161kas ir simboli\u0161kas, papuo\u0161tas autenti\u0161kais Swarovski kristalais. Pavadinimas: \u201ePetite Fleurette\u201c Reik\u0161m\u0117: linksmai ir ry\u0161kiai Galimos spalvos: m\u0117lyna, skaidri, raudona, \u0161viesiai m\u0117lyna, ro\u017ein\u0117 \u201eBico\u201c si\u016blo ma\u017eesn\u0119 grandin\u0119 (F0, F1, F2, F3, F95 iki F100) arba naudokite papildom\u0105 kilp\u0105 ir beveik bet kok\u012f \u201eBico\u201c laid\u0105 arba choker, kad u\u017ebaigtum\u0117te rinkin\u012f. Pakabuko plotis: 1,7 cm, ilgis: 1,7 cm<\/p>","protected":false},"excerpt":{"rendered":"<p>MS11 0<\/p>\n","protected":false},"featured_media":19114,"template":"","meta":[],"product_cat":[277,292],"product_tag":[],"_links":{"self":[{"href":"https:\/\/bico.ee\/lt\/wp-json\/wp\/v2\/product\/19113"}],"collection":[{"href":"https:\/\/bico.ee\/lt\/wp-json\/wp\/v2\/product"}],"about":[{"href":"https:\/\/bico.ee\/lt\/wp-json\/wp\/v2\/types\/product"}],"wp:featuredmedia":[{"embeddable":true,"href":"https:\/\/bico.ee\/lt\/wp-json\/wp\/v2\/media\/19114"}],"wp:attachment":[{"href":"https:\/\/bico.ee\/lt\/wp-json\/wp\/v2\/media?parent=19113"}],"wp:term":[{"taxonomy":"product_cat","embeddable":true,"href":"https:\/\/bico.ee\/lt\/wp-json\/wp\/v2\/product_cat?post=19113"},{"taxonomy":"product_tag","embeddable":true,"href":"https:\/\/bico.ee\/lt\/wp-json\/wp\/v2\/product_tag?post=19113"}],"curies":[{"name":"wp","href":"https:\/\/api.w.org\/{rel}","templated":true}]}}