{"id":19115,"date":"2026-04-10T18:44:03","date_gmt":"2026-04-10T18:44:03","guid":{"rendered":""},"modified":"2026-04-10T18:44:03","modified_gmt":"2026-04-10T18:44:03","slug":"bico-petite-yamabuki-kristallidega-lilleripats-ms12","status":"publish","type":"product","link":"https:\/\/bico.ee\/lt\/p\/bico-petite-yamabuki-pakabukas-su-gelemis-su-kristalais-ms12\/","title":{"rendered":"Bico &#8220;Petite Yamabuki&#8221; pakabukas su g\u0117l\u0117mis su kristalais (MS12)"},"content":{"rendered":"<p>Ma\u017eesnis Bico firminis pakabukas, ikoni\u0161kas ir simboli\u0161kas, papuo\u0161tas autenti\u0161kais Swarovski kristalais. Pavadinimas: Smulkus \u201eYamabuki\u201c Reik\u0161m\u0117: tikras a\u0161 Galimos spalvos: M\u0117lyna, skaidri, raudona, \u0161viesiai m\u0117lyna, ro\u017ein\u0117 \u201eBico\u201c si\u016blo ma\u017eesn\u0119 grandin\u0119 (F0, F1, F2, F3, F95 iki F100) arba naudokite papildom\u0105 kilp\u0105 ir beveik bet kok\u012f \u201eBico\u201c laid\u0105 arba choker u\u017ebaigti rinkin\u012f. Pakabuko plotis: 1,5 cm, ilgis: 1,5 cm<\/p>","protected":false},"excerpt":{"rendered":"<p>MS12 0<\/p>\n","protected":false},"featured_media":19116,"template":"","meta":[],"product_cat":[277,292],"product_tag":[],"_links":{"self":[{"href":"https:\/\/bico.ee\/lt\/wp-json\/wp\/v2\/product\/19115"}],"collection":[{"href":"https:\/\/bico.ee\/lt\/wp-json\/wp\/v2\/product"}],"about":[{"href":"https:\/\/bico.ee\/lt\/wp-json\/wp\/v2\/types\/product"}],"wp:featuredmedia":[{"embeddable":true,"href":"https:\/\/bico.ee\/lt\/wp-json\/wp\/v2\/media\/19116"}],"wp:attachment":[{"href":"https:\/\/bico.ee\/lt\/wp-json\/wp\/v2\/media?parent=19115"}],"wp:term":[{"taxonomy":"product_cat","embeddable":true,"href":"https:\/\/bico.ee\/lt\/wp-json\/wp\/v2\/product_cat?post=19115"},{"taxonomy":"product_tag","embeddable":true,"href":"https:\/\/bico.ee\/lt\/wp-json\/wp\/v2\/product_tag?post=19115"}],"curies":[{"name":"wp","href":"https:\/\/api.w.org\/{rel}","templated":true}]}}