{"id":19117,"date":"2026-04-10T18:44:03","date_gmt":"2026-04-10T18:44:03","guid":{"rendered":""},"modified":"2026-04-10T18:44:03","modified_gmt":"2026-04-10T18:44:03","slug":"bico-clover-lilleriip-kristallidega-ms13","status":"publish","type":"product","link":"https:\/\/bico.ee\/lt\/p\/bico-dobilu-geliu-pakabukas-su-kristalais-ms13\/","title":{"rendered":"Bico  dobil\u0173 g\u0117li\u0173 pakabukas su kristalais (MS13)"},"content":{"rendered":"<p>Ma\u017eesnis Bico firminis pakabukas, ikoni\u0161kas ir simboli\u0161kas, papuo\u0161tas autenti\u0161kais Swarovski kristalais. Pavadinimas: Dobilas Reik\u0161m\u0117: s\u0117km\u0117 ir tendencija Galimos spalvos: M\u0117lyna, skaidri, raudona, \u0161viesiai m\u0117lyna, ro\u017ein\u0117 choker u\u017ebaigti rinkin\u012f. Pakabuko plotis: 1,3 cm Ilgis: 1,3 cm<\/p>","protected":false},"excerpt":{"rendered":"<p>MS13 0<\/p>\n","protected":false},"featured_media":21550,"template":"","meta":[],"product_cat":[277,292],"product_tag":[],"_links":{"self":[{"href":"https:\/\/bico.ee\/lt\/wp-json\/wp\/v2\/product\/19117"}],"collection":[{"href":"https:\/\/bico.ee\/lt\/wp-json\/wp\/v2\/product"}],"about":[{"href":"https:\/\/bico.ee\/lt\/wp-json\/wp\/v2\/types\/product"}],"wp:featuredmedia":[{"embeddable":true,"href":"https:\/\/bico.ee\/lt\/wp-json\/"}],"wp:attachment":[{"href":"https:\/\/bico.ee\/lt\/wp-json\/wp\/v2\/media?parent=19117"}],"wp:term":[{"taxonomy":"product_cat","embeddable":true,"href":"https:\/\/bico.ee\/lt\/wp-json\/wp\/v2\/product_cat?post=19117"},{"taxonomy":"product_tag","embeddable":true,"href":"https:\/\/bico.ee\/lt\/wp-json\/wp\/v2\/product_tag?post=19117"}],"curies":[{"name":"wp","href":"https:\/\/api.w.org\/{rel}","templated":true}]}}