{"id":19433,"date":"2026-04-10T18:43:58","date_gmt":"2026-04-10T18:43:58","guid":{"rendered":""},"modified":"2026-04-10T18:43:58","modified_gmt":"2026-04-10T18:43:58","slug":"bico-lilac-star-kristallidega-lilleripats-pv9","status":"publish","type":"product","link":"https:\/\/bico.ee\/lt\/p\/bico-lilac-star-geliu-pakabukas-su-kristalais-pv9\/","title":{"rendered":"Bico &#8220;Lilac Star&#8221; g\u0117li\u0173 pakabukas su kristalais (PV9)&#8221;"},"content":{"rendered":"<p>\u201eFaux Pave\u201c pakabu\u010diai sukurti individualiai \u012f dervos pagrind\u0105 \u012fd\u0117jus daugiau nei 160 autenti\u0161k\u0173 \u201eSwarovski\u201c kristal\u0173. <BR><UL><LI>Pavadinimas: alyvin\u0117 \u017evaig\u017ed\u0117 <\/LI><LI>Reik\u0161m\u0117: Gyvenimas su blizgesiu ir blizgesiu Daugiau nei 160 autenti\u0161k\u0173 \u201eSwarovski\u201c kristal\u0173, atskirai \u012fd\u0117t\u0173 \u012f kiekvien\u0105 pakabuk\u0105 Galimos spalvos: m\u0117lyna, juoda, raudona, \u0161viesiai m\u0117lyna, ro\u017ein\u0117, skaidri. Pakabuko plotis: 4,5 cm Ilgis: 4,5 cm Kilpos skersmuo: 5 mm<\/p>","protected":false},"excerpt":{"rendered":"<p>PV9 0<\/p>\n","protected":false},"featured_media":19944,"template":"","meta":[],"product_cat":[277,291],"product_tag":[],"_links":{"self":[{"href":"https:\/\/bico.ee\/lt\/wp-json\/wp\/v2\/product\/19433"}],"collection":[{"href":"https:\/\/bico.ee\/lt\/wp-json\/wp\/v2\/product"}],"about":[{"href":"https:\/\/bico.ee\/lt\/wp-json\/wp\/v2\/types\/product"}],"wp:featuredmedia":[{"embeddable":true,"href":"https:\/\/bico.ee\/lt\/wp-json\/wp\/v2\/media\/19944"}],"wp:attachment":[{"href":"https:\/\/bico.ee\/lt\/wp-json\/wp\/v2\/media?parent=19433"}],"wp:term":[{"taxonomy":"product_cat","embeddable":true,"href":"https:\/\/bico.ee\/lt\/wp-json\/wp\/v2\/product_cat?post=19433"},{"taxonomy":"product_tag","embeddable":true,"href":"https:\/\/bico.ee\/lt\/wp-json\/wp\/v2\/product_tag?post=19433"}],"curies":[{"name":"wp","href":"https:\/\/api.w.org\/{rel}","templated":true}]}}