{"id":21814,"date":"2026-04-10T18:44:03","date_gmt":"2026-04-10T18:44:03","guid":{"rendered":""},"modified":"2026-04-10T18:44:03","modified_gmt":"2026-04-10T18:44:03","slug":"votmehoidja-karabiin-bico5","status":"publish","type":"product","link":"https:\/\/bico.ee\/lt\/p\/raktu-pakabukas-karabinas-bico5\/","title":{"rendered":"Rakt\u0173 pakabukas-karabinas Bico."},"content":{"rendered":"<p>Titano buteli\u0173 atidarytuvo rakt\u0173 pakabukas \/ karabinas<br \/>\n<BR><UL><LI>Kiekvienas rakt\u0173 pakabukas \/ karabinas yra atskirai supjaustytas i\u0161 kieto 5 klas\u0117s (6AL 4V) titano lak\u0161to, naudojant tiksli\u0105 elektros i\u0161krovos vielos pjovimo (EDW) technologij\u0105.<br \/>\n<\/LI><LI>Naujovi\u0161kas unibody dizainas leid\u017eia greitai ir lengvai perkelti raktus ant rakt\u0173 pakabuko ir nuo jo per itin saugius dvigubus vartus.<br \/>\n<\/LI><LI>Galimos spalvos: m\u0117lyna, \u0161lifuota apdaila, auksas, akmens apdaila<br \/>\n<\/LI><LI>Kiekvienas gabalas plaunamas r\u016bg\u0161timi, po to rankomis sumalamas, po to 24 valandas sukamas uolienose ir specialiame tirpale, o po to rankomis v\u0117l baigiamas ant vis\u0173 pavir\u0161i\u0173, kad susidaryt\u0173 sudeg\u0119 pavir\u0161iai<br \/>\n<\/LI><LI>Apytiksliai: ilgis 5.2cm * plotis 4,5cm * storis 4mm<br \/>\n<\/LI><LI>Bico Keyklipz A serija yra geriausias rakt\u0173 pakabukas, naudojantis itin tvirt\u0105 ir elasting\u0105 Titanium, kad b\u016bt\u0173 sukurtas stilingas, ne\u0161iojamas rakt\u0173 pakabukas su ezy-on\/ezy-off funkcija, apjungian\u010dia ikoni\u0161k\u0105 dizain\u0105 ir Carabiner funkcijas.<br \/>\n<\/LI><LI>Tai puikus rakt\u0173 pakabukas \/ karabinas, skirtas ne\u0161iotis kasdienius raktus ir EDC \u012frankius &#8211; pakankamai stiprus, kad b\u016bt\u0173 galima pasikliauti \u012fprastu kasdieniu naudojimu.<br \/>\n<\/LI><LI>Raktus ir kitus daiktus, tokius kaip keli \u012frankiai, lengva u\u017esid\u0117ti ir nuimti rakt\u0173 pakabuk\u0105, o rakt\u0173 grupes ir nestandartinius raktus ant \u012fprast\u0173 apvali\u0173 \u017eied\u0173 taip pat lengva u\u017esid\u0117ti ir nusiimti.<br \/>\n<\/LI><LI>Keyklipz dizainas taip pat veikia kaip karabinas, bet su stiliumi! Dvigubo u\u017erakto dizainas apsaugo raktus, kai rakt\u0173 pakabukas u\u017ededamas ant d\u017eins\u0173 ar krep\u0161io arba nuimamas nuo j\u0173.<br \/>\n<\/LI><LI>M\u016bs\u0173 pasirinkti ikoni\u0161ki dizainai buvo optimizuoti funkcijai, ta\u010diau kiekvienas turi savo asmenyb\u0119 ir tam tikr\u0105 b\u016bd\u0105, kur\u012f reikia naudoti: nuotykius, laukian\u010dius, kol gal\u0117site m\u0117gautis!<br \/>\n <\/LI><\/UL><\/p>","protected":false},"excerpt":{"rendered":"<p>KR35A-BR 825873075845<\/p>\n","protected":false},"featured_media":21815,"template":"","meta":[],"product_cat":[122],"product_tag":[],"_links":{"self":[{"href":"https:\/\/bico.ee\/lt\/wp-json\/wp\/v2\/product\/21814"}],"collection":[{"href":"https:\/\/bico.ee\/lt\/wp-json\/wp\/v2\/product"}],"about":[{"href":"https:\/\/bico.ee\/lt\/wp-json\/wp\/v2\/types\/product"}],"wp:featuredmedia":[{"embeddable":true,"href":"https:\/\/bico.ee\/lt\/wp-json\/wp\/v2\/media\/21815"}],"wp:attachment":[{"href":"https:\/\/bico.ee\/lt\/wp-json\/wp\/v2\/media?parent=21814"}],"wp:term":[{"taxonomy":"product_cat","embeddable":true,"href":"https:\/\/bico.ee\/lt\/wp-json\/wp\/v2\/product_cat?post=21814"},{"taxonomy":"product_tag","embeddable":true,"href":"https:\/\/bico.ee\/lt\/wp-json\/wp\/v2\/product_tag?post=21814"}],"curies":[{"name":"wp","href":"https:\/\/api.w.org\/{rel}","templated":true}]}}