{"id":21843,"date":"2026-04-10T18:44:03","date_gmt":"2026-04-10T18:44:03","guid":{"rendered":""},"modified":"2026-04-10T18:44:03","modified_gmt":"2026-04-10T18:44:03","slug":"votmehoidja-karabiin-bico9","status":"publish","type":"product","link":"https:\/\/bico.ee\/lt\/p\/raktu-pakabukas-karabinas-bico9\/","title":{"rendered":"Rakt\u0173 pakabukas-karabinas Bico."},"content":{"rendered":"<p>Titano rakt\u0173 pakabukas Bico \/ Carabiner-Teardrop<br \/>\n<BR><UL><LI>Kiekvienas rakt\u0173 pakabukas \/ karabinas yra atskirai i\u0161kirptas i\u0161 5 klas\u0117s (6AL 4V) kieto titano lak\u0161to, naudojant tiksli\u0105 EDM vielos pjovimo (EDW) technologij\u0105.<br \/>\n<\/LI><LI>Buteli\u0173 atidarytuvo dizainas sujungia itin funkcionalaus buteli\u0173 atidarytuvo bruo\u017eus su rakt\u0173 pakabuko ir karabino funkcijomis ikoni\u0161kame ir subalansuotame dizaine.<br \/>\n<\/LI><LI>Galimos spalvos: m\u0117lyna, matin\u0117, auksin\u0117, akmens apdaila<br \/>\n<\/LI><LI>Kiekvienas gabalas plaunamas r\u016bg\u0161timi, po to \u0161lifuojamas rankomis, tada 24 valandas voliojamas akmenimis ir specialiu skiediniu, o v\u0117liau visi pavir\u0161iai apdorojami rankomis, kad b\u016bt\u0173 poliruoti pavir\u0161iai.<br \/>\n<\/LI><LI>Apytikslis: ilgis 5,5 cm * plotis 2,9 cm * storis 5 mm<br \/>\n<\/LI><LI>Bico Keyklipz \u201eB\u201c serija standartinio EDC karabino dizain\u0105 paver\u010dia madingomis formomis ir stiliais, i\u0161laikant visas kasdieniam d\u0117v\u0117jimui skirto standartinio karabino savybes.<br \/>\n<\/LI><LI>Tai puikus rakt\u0173 pakabukas\/karabinas kasdieniams raktams ir EDC \u012frankiams ne\u0161iotis \u2013 pakankamai patvarus, kad juo b\u016bt\u0173 galima pasitik\u0117ti \u012fprastai kasdieniniam naudojimui.<br \/>\n<\/LI><LI>M\u016bs\u0173 pasirinktas ikoni\u0161kas dizainas buvo optimizuotas funkcionalumui, ta\u010diau kiekvienas i\u0161 j\u0173 turi savo \u201easmenyb\u0119\u201c ir ypating\u0105 jos naudojimo b\u016bd\u0105: nuotykis, laukiantis, kol juo gal\u0117si m\u0117gautis!<br \/>\n<\/LI><\/UL>&#8220;<\/p>","protected":false},"excerpt":{"rendered":"<p>KR25B-GLD 825873076309<\/p>\n","protected":false},"featured_media":21844,"template":"","meta":[],"product_cat":[122],"product_tag":[],"_links":{"self":[{"href":"https:\/\/bico.ee\/lt\/wp-json\/wp\/v2\/product\/21843"}],"collection":[{"href":"https:\/\/bico.ee\/lt\/wp-json\/wp\/v2\/product"}],"about":[{"href":"https:\/\/bico.ee\/lt\/wp-json\/wp\/v2\/types\/product"}],"wp:featuredmedia":[{"embeddable":true,"href":"https:\/\/bico.ee\/lt\/wp-json\/wp\/v2\/media\/21844"}],"wp:attachment":[{"href":"https:\/\/bico.ee\/lt\/wp-json\/wp\/v2\/media?parent=21843"}],"wp:term":[{"taxonomy":"product_cat","embeddable":true,"href":"https:\/\/bico.ee\/lt\/wp-json\/wp\/v2\/product_cat?post=21843"},{"taxonomy":"product_tag","embeddable":true,"href":"https:\/\/bico.ee\/lt\/wp-json\/wp\/v2\/product_tag?post=21843"}],"curies":[{"name":"wp","href":"https:\/\/api.w.org\/{rel}","templated":true}]}}