{"id":21852,"date":"2026-04-10T18:44:03","date_gmt":"2026-04-10T18:44:03","guid":{"rendered":""},"modified":"2026-04-10T18:44:03","modified_gmt":"2026-04-10T18:44:03","slug":"votmehoidja-karabiin-bico12","status":"publish","type":"product","link":"https:\/\/bico.ee\/lt\/p\/raktu-pakabukas-karabinas-bico12\/","title":{"rendered":"Rakt\u0173 pakabukas-karabinas Bico."},"content":{"rendered":"<p>Titano Kry\u017eiaus karabinas<br \/>\n<BR><UL><LI>Kiekvienas rakt\u0173 pakabukas \/ karabinas yra atskirai supjaustytas i\u0161 kieto 5 klas\u0117s (6AL 4V) titano lak\u0161to, naudojant tiksli\u0105 elektros i\u0161krovos vielos pjovimo (EDW) technologij\u0105.<br \/>\n<\/LI><LI>M\u016bs\u0173 Cross dizainas \u012fne\u0161a galing\u0105 ir emocional\u0173 dizain\u0105 \u012f kasdien\u012f gyvenim\u0105 \u2013 subalansuoja karabino ir rakt\u0173 pakabuko funkcijas nepakenkdamas prasmei.<br \/>\n<\/LI><LI>Galimos spalvos: m\u0117lyna, \u0161lifuota apdaila, auksas, akmens apdaila<br \/>\n<\/LI><LI>Kiekvienas gabalas plaunamas r\u016bg\u0161timi, po to rankomis sumalamas, po to 24 valandas sukamas uolienose ir specialiame tirpale, o po to rankomis v\u0117l baigiamas ant vis\u0173 pavir\u0161i\u0173, kad susidaryt\u0173 sudeg\u0119 pavir\u0161iai<br \/>\n<\/LI><LI>Apytiksliai: ilgis 5.1cm * plotis 3,2cm * storis 5mm<br \/>\n<\/LI><LI>Bico Keyklipz B serija paver\u010dia standartin\u012f EDC Carabiner dizain\u0105 \u012f formas ir stilius, kurie tampa ne\u0161iojama mada, kartu i\u0161saugant visas standartinio Every Day Carry Carabiner funkcijas.<br \/>\n<\/LI><LI>Tai puikus rakt\u0173 pakabukas \/ karabinas, skirtas ne\u0161iotis kasdienius raktus ir EDC \u012frankius &#8211; pakankamai stiprus, kad juo b\u016bt\u0173 galima pasikliauti \u012fprastai kasdien.<br \/>\n<\/LI><LI>M\u016bs\u0173 pasirinkti ikoni\u0161ki dizainai buvo optimizuoti funkcijai, ta\u010diau kiekvienas turi savo asmenyb\u0119 ir tam tikr\u0105 b\u016bd\u0105, kur\u012f reikia naudoti: nuotykius, laukian\u010dius, kol gal\u0117site m\u0117gautis!<br \/>\n<\/LI><\/UL><\/p>","protected":false},"excerpt":{"rendered":"<p>KR30B-BLU 825873076217<\/p>\n","protected":false},"featured_media":21853,"template":"","meta":[],"product_cat":[122],"product_tag":[],"_links":{"self":[{"href":"https:\/\/bico.ee\/lt\/wp-json\/wp\/v2\/product\/21852"}],"collection":[{"href":"https:\/\/bico.ee\/lt\/wp-json\/wp\/v2\/product"}],"about":[{"href":"https:\/\/bico.ee\/lt\/wp-json\/wp\/v2\/types\/product"}],"wp:featuredmedia":[{"embeddable":true,"href":"https:\/\/bico.ee\/lt\/wp-json\/wp\/v2\/media\/21853"}],"wp:attachment":[{"href":"https:\/\/bico.ee\/lt\/wp-json\/wp\/v2\/media?parent=21852"}],"wp:term":[{"taxonomy":"product_cat","embeddable":true,"href":"https:\/\/bico.ee\/lt\/wp-json\/wp\/v2\/product_cat?post=21852"},{"taxonomy":"product_tag","embeddable":true,"href":"https:\/\/bico.ee\/lt\/wp-json\/wp\/v2\/product_tag?post=21852"}],"curies":[{"name":"wp","href":"https:\/\/api.w.org\/{rel}","templated":true}]}}