{"id":22298,"date":"2026-04-10T18:44:03","date_gmt":"2026-04-10T18:44:03","guid":{"rendered":""},"modified":"2026-04-10T18:44:03","modified_gmt":"2026-04-10T18:44:03","slug":"mitmekihilist-puuvillase-nooriga-ripats-rd1-2","status":"publish","type":"product","link":"https:\/\/bico.ee\/lt\/p\/daugiasluoksnis-pakabukas-su-medvilniniu-virvele-rd1-2\/","title":{"rendered":"Daugiasluoksnis pakabukas su medvilniniu virvele (RD1-2)"},"content":{"rendered":"<p>Vardas: Dygliuota kaukol\u0117<br \/>\n<BR><UL><LI>Reik\u0161m\u0117: neapdorotas stilius<br \/>\n<\/LI><LI>Reguliuojamo juodo daugiasluoksnio medvilninio laido karoliai gali b\u016bti kei\u010diami nuo 18 iki 20 iki 22 coli\u0173 (45 mm arba 50 arba 55 mm).<br \/>\n<\/LI><LI>Originalus ir unikalus Bico dizainas, sujungiantis rankomis pagamint\u0105 alavo pakabuk\u0105 su reguliuojamu juodu keli\u0173 sruog\u0173 medvilniniu virvele.<br \/>\n<\/LI><LI>Reguliuojamo v\u0117rinio ilg\u012f galima pakeisti nuo 18 coli\u0173 (45 mm) iki 22 coli\u0173 (55 mm) naudojant integruot\u0105 plienin\u0117s grandin\u0117s element\u0105<br \/>\n<\/LI><\/UL><\/p>","protected":false},"excerpt":{"rendered":"<p>RD11 0<\/p>\n","protected":false},"featured_media":22621,"template":"","meta":[],"product_cat":[169],"product_tag":[],"_links":{"self":[{"href":"https:\/\/bico.ee\/lt\/wp-json\/wp\/v2\/product\/22298"}],"collection":[{"href":"https:\/\/bico.ee\/lt\/wp-json\/wp\/v2\/product"}],"about":[{"href":"https:\/\/bico.ee\/lt\/wp-json\/wp\/v2\/types\/product"}],"wp:featuredmedia":[{"embeddable":true,"href":"https:\/\/bico.ee\/lt\/wp-json\/wp\/v2\/media\/22621"}],"wp:attachment":[{"href":"https:\/\/bico.ee\/lt\/wp-json\/wp\/v2\/media?parent=22298"}],"wp:term":[{"taxonomy":"product_cat","embeddable":true,"href":"https:\/\/bico.ee\/lt\/wp-json\/wp\/v2\/product_cat?post=22298"},{"taxonomy":"product_tag","embeddable":true,"href":"https:\/\/bico.ee\/lt\/wp-json\/wp\/v2\/product_tag?post=22298"}],"curies":[{"name":"wp","href":"https:\/\/api.w.org\/{rel}","templated":true}]}}