{"id":22304,"date":"2026-04-10T18:44:03","date_gmt":"2026-04-10T18:44:03","guid":{"rendered":""},"modified":"2026-04-10T18:44:03","modified_gmt":"2026-04-10T18:44:03","slug":"mitmekihilist-puuvillase-nooriga-ripats-re2","status":"publish","type":"product","link":"https:\/\/bico.ee\/lt\/p\/daugiasluoksnis-pakabukas-su-medvilnes-virvele-re2\/","title":{"rendered":"Daugiasluoksnis pakabukas su medviln\u0117s virvele (RE2)"},"content":{"rendered":"<p>Vardas: Eagle Guardian<br \/>\n<BR><UL><LI>Reik\u0161m\u0117: pad\u0117ti tiems, kurie negali sau pad\u0117ti<br \/>\n<\/LI><LI>Keli\u0173 si\u016bl\u0173 31,5 colio (80 cm) medvilninis virvelinis karoliai su rank\u0173 darbo alavo pakabuku <\/LI><LI><br \/>\n31,5 colio (80 cm) nat\u016bralios keli\u0173 sruog\u0173 medviln\u0117s virvel\u0117 kartu su alavo pakabuku, oksiduota juodai, o po to nuvalyta rankomis, kad b\u016bt\u0173 sukurta ry\u0161ki ir matin\u0117 apdaila.<br \/>\n<\/LI><\/UL><\/p>","protected":false},"excerpt":{"rendered":"<p>RE2P12A 825873078051<\/p>\n","protected":false},"featured_media":22641,"template":"","meta":[],"product_cat":[169],"product_tag":[],"_links":{"self":[{"href":"https:\/\/bico.ee\/lt\/wp-json\/wp\/v2\/product\/22304"}],"collection":[{"href":"https:\/\/bico.ee\/lt\/wp-json\/wp\/v2\/product"}],"about":[{"href":"https:\/\/bico.ee\/lt\/wp-json\/wp\/v2\/types\/product"}],"wp:featuredmedia":[{"embeddable":true,"href":"https:\/\/bico.ee\/lt\/wp-json\/wp\/v2\/media\/22641"}],"wp:attachment":[{"href":"https:\/\/bico.ee\/lt\/wp-json\/wp\/v2\/media?parent=22304"}],"wp:term":[{"taxonomy":"product_cat","embeddable":true,"href":"https:\/\/bico.ee\/lt\/wp-json\/wp\/v2\/product_cat?post=22304"},{"taxonomy":"product_tag","embeddable":true,"href":"https:\/\/bico.ee\/lt\/wp-json\/wp\/v2\/product_tag?post=22304"}],"curies":[{"name":"wp","href":"https:\/\/api.w.org\/{rel}","templated":true}]}}