{"id":22305,"date":"2026-04-10T18:44:03","date_gmt":"2026-04-10T18:44:03","guid":{"rendered":""},"modified":"2026-04-10T18:44:03","modified_gmt":"2026-04-10T18:44:03","slug":"mitmekihilist-puuvillase-nooriga-ripats-re21","status":"publish","type":"product","link":"https:\/\/bico.ee\/lt\/p\/daugiasluoksnis-pakabukas-su-medvilnes-virvele-re21\/","title":{"rendered":"Daugiasluoksnis pakabukas su medviln\u0117s virvele (RE2)"},"content":{"rendered":"<p>Vardas: Streikas<br \/>\n<BR><UL><LI>Reik\u0161m\u0117: elkit\u0117s be baim\u0117s<br \/>\n<\/LI><LI>Keli\u0173 si\u016bl\u0173 31,5 colio (80 cm) medvilninis virvelinis karoliai su rank\u0173 darbo alavo pakabuku <\/LI><LI><br \/>\n31,5 colio (80 cm) keli\u0173 sruog\u0173 medvilninis virvel\u0117, sujungta su alavo pakabuku, oksiduota juodai, o po to \u0161ukuota rankomis, kad b\u016bt\u0173 sukurta ry\u0161ki ir matin\u0117 apdaila.<br \/>\n<\/LI><\/UL><\/p>","protected":false},"excerpt":{"rendered":"<p>RE2P14C 825873078068<\/p>\n","protected":false},"featured_media":22644,"template":"","meta":[],"product_cat":[169],"product_tag":[],"_links":{"self":[{"href":"https:\/\/bico.ee\/lt\/wp-json\/wp\/v2\/product\/22305"}],"collection":[{"href":"https:\/\/bico.ee\/lt\/wp-json\/wp\/v2\/product"}],"about":[{"href":"https:\/\/bico.ee\/lt\/wp-json\/wp\/v2\/types\/product"}],"wp:featuredmedia":[{"embeddable":true,"href":"https:\/\/bico.ee\/lt\/wp-json\/wp\/v2\/media\/22644"}],"wp:attachment":[{"href":"https:\/\/bico.ee\/lt\/wp-json\/wp\/v2\/media?parent=22305"}],"wp:term":[{"taxonomy":"product_cat","embeddable":true,"href":"https:\/\/bico.ee\/lt\/wp-json\/wp\/v2\/product_cat?post=22305"},{"taxonomy":"product_tag","embeddable":true,"href":"https:\/\/bico.ee\/lt\/wp-json\/wp\/v2\/product_tag?post=22305"}],"curies":[{"name":"wp","href":"https:\/\/api.w.org\/{rel}","templated":true}]}}