{"id":22306,"date":"2026-04-10T18:44:03","date_gmt":"2026-04-10T18:44:03","guid":{"rendered":""},"modified":"2026-04-10T18:44:03","modified_gmt":"2026-04-10T18:44:03","slug":"mitmekihilist-puuvillase-nooriga-ripats","status":"publish","type":"product","link":"https:\/\/bico.ee\/lt\/p\/daugiasluoksnis-pakabukas-su-medvilnes-virvele\/","title":{"rendered":"Daugiasluoksnis pakabukas su medviln\u0117s virvele"},"content":{"rendered":"<p>Vardas: Ponas No Vardas<br \/>\n<BR><UL><LI>Reik\u0161m\u0117: nesigaili ir nesiskund\u017eia<br \/>\n  <\/LI><LI>Tvirtas rank\u0173 darbo alavo pakabukas su 31,5 colio (80 cm) odiniu karoliu<br \/>\n<\/LI><LI>31,5 colio (80 cm) nat\u016bralios odos virvel\u0117 su kontrastingomis medvilnin\u0117mis virvel\u0117mis, derinama su alavo pakabuku, oksiduotu juodu, o paskui \u0161epe\u010diu rankomis, kad b\u016bt\u0173 pary\u0161kintos ir matinis pavir\u0161ius.<br \/>\n<\/LI><\/UL><\/p>","protected":false},"excerpt":{"rendered":"<p>RC1P10A 825873078204<\/p>\n","protected":false},"featured_media":22648,"template":"","meta":[],"product_cat":[169],"product_tag":[],"_links":{"self":[{"href":"https:\/\/bico.ee\/lt\/wp-json\/wp\/v2\/product\/22306"}],"collection":[{"href":"https:\/\/bico.ee\/lt\/wp-json\/wp\/v2\/product"}],"about":[{"href":"https:\/\/bico.ee\/lt\/wp-json\/wp\/v2\/types\/product"}],"wp:featuredmedia":[{"embeddable":true,"href":"https:\/\/bico.ee\/lt\/wp-json\/wp\/v2\/media\/22648"}],"wp:attachment":[{"href":"https:\/\/bico.ee\/lt\/wp-json\/wp\/v2\/media?parent=22306"}],"wp:term":[{"taxonomy":"product_cat","embeddable":true,"href":"https:\/\/bico.ee\/lt\/wp-json\/wp\/v2\/product_cat?post=22306"},{"taxonomy":"product_tag","embeddable":true,"href":"https:\/\/bico.ee\/lt\/wp-json\/wp\/v2\/product_tag?post=22306"}],"curies":[{"name":"wp","href":"https:\/\/api.w.org\/{rel}","templated":true}]}}