{"id":22342,"date":"2026-04-10T18:44:03","date_gmt":"2026-04-10T18:44:03","guid":{"rendered":""},"modified":"2026-04-10T18:44:03","modified_gmt":"2026-04-10T18:44:03","slug":"nahk-noor-ripatsiga13","status":"publish","type":"product","link":"https:\/\/bico.ee\/lt\/p\/odinis-laidas-su-pakabuku13\/","title":{"rendered":"Odinis laidas su pakabuku"},"content":{"rendered":"<p>Vardas: Inkaras<br \/>\n<BR><UL><LI>Reik\u0161m\u0117: stabil\u016bs ir tvirti pamatai<br \/>\n<\/LI><LI>31,5 colio (80 cm) nat\u016bralios odos virvel\u0117 su kontrastingomis medvilnin\u0117mis virvel\u0117mis, derinama su alavo pakabuku, oksiduotu juodu, o paskui \u0161epe\u010diu rankomis, kad b\u016bt\u0173 pary\u0161kintos ir matinis pavir\u0161ius.<br \/>\n<\/LI><\/UL><\/p>","protected":false},"excerpt":{"rendered":"<p>RB1-3 0<\/p>\n","protected":false},"featured_media":22746,"template":"","meta":[],"product_cat":[169],"product_tag":[],"_links":{"self":[{"href":"https:\/\/bico.ee\/lt\/wp-json\/wp\/v2\/product\/22342"}],"collection":[{"href":"https:\/\/bico.ee\/lt\/wp-json\/wp\/v2\/product"}],"about":[{"href":"https:\/\/bico.ee\/lt\/wp-json\/wp\/v2\/types\/product"}],"wp:featuredmedia":[{"embeddable":true,"href":"https:\/\/bico.ee\/lt\/wp-json\/wp\/v2\/media\/22746"}],"wp:attachment":[{"href":"https:\/\/bico.ee\/lt\/wp-json\/wp\/v2\/media?parent=22342"}],"wp:term":[{"taxonomy":"product_cat","embeddable":true,"href":"https:\/\/bico.ee\/lt\/wp-json\/wp\/v2\/product_cat?post=22342"},{"taxonomy":"product_tag","embeddable":true,"href":"https:\/\/bico.ee\/lt\/wp-json\/wp\/v2\/product_tag?post=22342"}],"curies":[{"name":"wp","href":"https:\/\/api.w.org\/{rel}","templated":true}]}}