{"id":22409,"date":"2026-04-10T18:44:03","date_gmt":"2026-04-10T18:44:03","guid":{"rendered":""},"modified":"2026-04-10T18:44:03","modified_gmt":"2026-04-10T18:44:03","slug":"kaevoru-nahast-bico-fb401blk","status":"publish","type":"product","link":"https:\/\/bico.ee\/lt\/p\/apyranke-odine-bico-fb401blk\/","title":{"rendered":"Apyrank\u0117 odin\u0117 Bico (FB401BLK)"},"content":{"rendered":"<p>Pavadinimas: Anchor<br \/>\n<BR><UL><LI> Reik\u0161m\u0117: stabil\u016bs ir tvirti pamatai<br \/>\n<\/LI><LI> Dviguba .24&#8242; (6 mm) odin\u0117 &#8216;Bolo&#8217; apyrank\u0117 su rank\u0173 darbo &#8216;Pewter&#8217; jungtimis<br \/>\n<\/LI><LI> &#8216;Bico&#8217; klasikin\u0117 juoda odin\u0117 dviguba .24&#8242; (6 mm) bolo apyrank\u0117 kartu su tvirta pewter jungtimi oksiduota juoda spalva, o po to rankomis \u0161lifuojama, kad b\u016bt\u0173 sukurti akcentai ir matinis pavir\u0161ius.<br \/>\n<\/LI><\/UL> <\/p>","protected":false},"excerpt":{"rendered":"<p>FB401BLK 0<\/p>\n","protected":false},"featured_media":22751,"template":"","meta":[],"product_cat":[106,159],"product_tag":[],"_links":{"self":[{"href":"https:\/\/bico.ee\/lt\/wp-json\/wp\/v2\/product\/22409"}],"collection":[{"href":"https:\/\/bico.ee\/lt\/wp-json\/wp\/v2\/product"}],"about":[{"href":"https:\/\/bico.ee\/lt\/wp-json\/wp\/v2\/types\/product"}],"wp:featuredmedia":[{"embeddable":true,"href":"https:\/\/bico.ee\/lt\/wp-json\/wp\/v2\/media\/22751"}],"wp:attachment":[{"href":"https:\/\/bico.ee\/lt\/wp-json\/wp\/v2\/media?parent=22409"}],"wp:term":[{"taxonomy":"product_cat","embeddable":true,"href":"https:\/\/bico.ee\/lt\/wp-json\/wp\/v2\/product_cat?post=22409"},{"taxonomy":"product_tag","embeddable":true,"href":"https:\/\/bico.ee\/lt\/wp-json\/wp\/v2\/product_tag?post=22409"}],"curies":[{"name":"wp","href":"https:\/\/api.w.org\/{rel}","templated":true}]}}