{"id":22421,"date":"2026-04-10T18:44:04","date_gmt":"2026-04-10T18:44:04","guid":{"rendered":""},"modified":"2026-04-10T18:44:04","modified_gmt":"2026-04-10T18:44:04","slug":"kaevoru-nahast-bico-fb411blk","status":"publish","type":"product","link":"https:\/\/bico.ee\/lt\/p\/apyranke-odine-bico-fb411blk\/","title":{"rendered":"Apyrank\u0117 odin\u0117 Bico (FB411BLK)"},"content":{"rendered":"<p>Pavadinimas: Smoke Dance<br \/>\n<BR><UL><LI> Reik\u0161m\u0117: dvasi\u0105 \u0161ildantis apsivalymas<br \/>\n<\/LI><LI> Triguba .12&#8242; (3 mm) odinio laido gija su pewter jungtimis ir 10 stumdom\u0173 pewter \u017eied\u0173<br \/>\n<\/LI><LI> Originalus ir unikalus &#8216;Bico&#8217; dizainas, sujungiantis 3 .12&#8242; (3 mm) juod\u0173 odini\u0173 virvi\u0173 gijas su 10 judan\u010di\u0173 pewter \u017eied\u0173.<br \/>\nSukurkite savo unikal\u0173 &#8216;vaizd\u0105&#8217; stumdydami \u017eiedus \u012f bet kok\u012f skai\u010di\u0173 derini\u0173<br \/>\n<\/LI><\/UL> <\/p>","protected":false},"excerpt":{"rendered":"<p>FB411BLK 0<\/p>\n","protected":false},"featured_media":22772,"template":"","meta":[],"product_cat":[106,159],"product_tag":[],"_links":{"self":[{"href":"https:\/\/bico.ee\/lt\/wp-json\/wp\/v2\/product\/22421"}],"collection":[{"href":"https:\/\/bico.ee\/lt\/wp-json\/wp\/v2\/product"}],"about":[{"href":"https:\/\/bico.ee\/lt\/wp-json\/wp\/v2\/types\/product"}],"wp:featuredmedia":[{"embeddable":true,"href":"https:\/\/bico.ee\/lt\/wp-json\/wp\/v2\/media\/22772"}],"wp:attachment":[{"href":"https:\/\/bico.ee\/lt\/wp-json\/wp\/v2\/media?parent=22421"}],"wp:term":[{"taxonomy":"product_cat","embeddable":true,"href":"https:\/\/bico.ee\/lt\/wp-json\/wp\/v2\/product_cat?post=22421"},{"taxonomy":"product_tag","embeddable":true,"href":"https:\/\/bico.ee\/lt\/wp-json\/wp\/v2\/product_tag?post=22421"}],"curies":[{"name":"wp","href":"https:\/\/api.w.org\/{rel}","templated":true}]}}