{"id":22449,"date":"2026-04-10T18:44:04","date_gmt":"2026-04-10T18:44:04","guid":{"rendered":""},"modified":"2026-04-10T18:44:04","modified_gmt":"2026-04-10T18:44:04","slug":"kaevoru-nahast-bico-fb425blk","status":"publish","type":"product","link":"https:\/\/bico.ee\/lt\/p\/apyranke-odine-bico-fb425blk\/","title":{"rendered":"Apyrank\u0117 odin\u0117 Bico (FB425BLK)"},"content":{"rendered":"<p>Pavadinimas: Vigilant 2<br \/>\n<BR><UL><LI> Reik\u0161m\u0117: am\u017einai budrus<br \/>\n<\/LI><LI> Du .2 coli\u0173 (5 mm) plo\u010dio .08&#8242; (2 mm) storio odiniai dir\u017eeliai su rank\u0173 darbo pewter jungtimis ir kaukol\u0117s elementais<br \/>\n<\/LI><LI> &#8216;Bico&#8217; klasikinis rie\u0161o \u012fvyniojimas, sujungiantis du .08 coli\u0173 (2 mm) x .2 coli\u0173 (5 mm) juodus odinius dir\u017eelius su tvirtais pewter kaukol\u0117s elementais ir jungtimis, oksiduotas juodai, o tada rankomis \u0161lifuojamas, kad b\u016bt\u0173 sukurti akcentai ir matinis pavir\u0161ius.<br \/>\n<\/LI><\/UL> <\/p>","protected":false},"excerpt":{"rendered":"<p>FB425BLK 0<\/p>\n","protected":false},"featured_media":22851,"template":"","meta":[],"product_cat":[106,159],"product_tag":[],"_links":{"self":[{"href":"https:\/\/bico.ee\/lt\/wp-json\/wp\/v2\/product\/22449"}],"collection":[{"href":"https:\/\/bico.ee\/lt\/wp-json\/wp\/v2\/product"}],"about":[{"href":"https:\/\/bico.ee\/lt\/wp-json\/wp\/v2\/types\/product"}],"wp:featuredmedia":[{"embeddable":true,"href":"https:\/\/bico.ee\/lt\/wp-json\/wp\/v2\/media\/22851"}],"wp:attachment":[{"href":"https:\/\/bico.ee\/lt\/wp-json\/wp\/v2\/media?parent=22449"}],"wp:term":[{"taxonomy":"product_cat","embeddable":true,"href":"https:\/\/bico.ee\/lt\/wp-json\/wp\/v2\/product_cat?post=22449"},{"taxonomy":"product_tag","embeddable":true,"href":"https:\/\/bico.ee\/lt\/wp-json\/wp\/v2\/product_tag?post=22449"}],"curies":[{"name":"wp","href":"https:\/\/api.w.org\/{rel}","templated":true}]}}