{"id":22453,"date":"2026-04-10T18:44:04","date_gmt":"2026-04-10T18:44:04","guid":{"rendered":""},"modified":"2026-04-10T18:44:04","modified_gmt":"2026-04-10T18:44:04","slug":"kaevoru-puuvillast-mitmekihiline-bico-fb430blk","status":"publish","type":"product","link":"https:\/\/bico.ee\/lt\/p\/apyranke-is-medvilnes-daugiasluoksne-bico-fb430blk\/","title":{"rendered":"Apyrank\u0117 i\u0161 medviln\u0117s, daugiasluoksn\u0117 Bico (FB430BLK)"},"content":{"rendered":"<p>Pavadinimas: Strands<br \/>\n<BR><UL><LI> Keli\u0173 kryp\u010di\u0173 medvilnin\u0117 apyrank\u0117 su rank\u0173 darbo pewter jungtimis<br \/>\n<\/LI><LI> &#8216;Bico&#8217; klasikinis rie\u0161o \u012fvyniojimas, sujungiantis penkias juodos .04&#8242; (1 mm) medviln\u0117s virvel\u0117s sruogas su tvirtomis &#8216;pewter&#8217; jungtimis, oksiduotas juodai, o po to rankomis \u0161lifuojamas, kad b\u016bt\u0173 sukurti akcentai ir matinis pavir\u0161ius.<br \/>\n<\/LI><\/UL> <\/p>","protected":false},"excerpt":{"rendered":"<p>FB430BLK 0<\/p>\n","protected":false},"featured_media":22858,"template":"","meta":[],"product_cat":[106,159],"product_tag":[],"_links":{"self":[{"href":"https:\/\/bico.ee\/lt\/wp-json\/wp\/v2\/product\/22453"}],"collection":[{"href":"https:\/\/bico.ee\/lt\/wp-json\/wp\/v2\/product"}],"about":[{"href":"https:\/\/bico.ee\/lt\/wp-json\/wp\/v2\/types\/product"}],"wp:featuredmedia":[{"embeddable":true,"href":"https:\/\/bico.ee\/lt\/wp-json\/wp\/v2\/media\/22858"}],"wp:attachment":[{"href":"https:\/\/bico.ee\/lt\/wp-json\/wp\/v2\/media?parent=22453"}],"wp:term":[{"taxonomy":"product_cat","embeddable":true,"href":"https:\/\/bico.ee\/lt\/wp-json\/wp\/v2\/product_cat?post=22453"},{"taxonomy":"product_tag","embeddable":true,"href":"https:\/\/bico.ee\/lt\/wp-json\/wp\/v2\/product_tag?post=22453"}],"curies":[{"name":"wp","href":"https:\/\/api.w.org\/{rel}","templated":true}]}}