{"id":22457,"date":"2026-04-10T18:44:04","date_gmt":"2026-04-10T18:44:04","guid":{"rendered":""},"modified":"2026-04-10T18:44:04","modified_gmt":"2026-04-10T18:44:04","slug":"kaevoru-puuvillast-mitmekihiline-bico-fb431blk","status":"publish","type":"product","link":"https:\/\/bico.ee\/lt\/p\/apyranke-is-medvilnes-daugiasluoksne-bico-fb431blk\/","title":{"rendered":"Apyrank\u0117 i\u0161 medviln\u0117s, daugiasluoksn\u0117 Bico (FB431BLK)"},"content":{"rendered":"<p>Pavadinimas: Vigilant<br \/>\n<BR><UL><LI> Reik\u0161m\u0117: am\u017einai budrus<br \/>\n<\/LI><LI> Keli\u0173 kryp\u010di\u0173 medvilnin\u0117 apyrank\u0117 su rankomis paruo\u0161ta pewter kaukole ir jungtimis<br \/>\n<\/LI><LI> &#8216;Bico&#8217; klasikinis rie\u0161o \u012fvyniojimas, sujungiantis penkias juodos .04&#8242; (1 mm) medviln\u0117s virvel\u0117s sruogas su tvirtu pewter Skull elementu ir jungtimis, oksiduotas juodai, o tada rankomis \u0161lifuotas, kad b\u016bt\u0173 sukurti akcentai ir matinis pavir\u0161ius.<br \/>\n<\/LI><\/UL><\/p>","protected":false},"excerpt":{"rendered":"<p>FB431BLK 0<\/p>\n","protected":false},"featured_media":22868,"template":"","meta":[],"product_cat":[106,159],"product_tag":[],"_links":{"self":[{"href":"https:\/\/bico.ee\/lt\/wp-json\/wp\/v2\/product\/22457"}],"collection":[{"href":"https:\/\/bico.ee\/lt\/wp-json\/wp\/v2\/product"}],"about":[{"href":"https:\/\/bico.ee\/lt\/wp-json\/wp\/v2\/types\/product"}],"wp:featuredmedia":[{"embeddable":true,"href":"https:\/\/bico.ee\/lt\/wp-json\/wp\/v2\/media\/22868"}],"wp:attachment":[{"href":"https:\/\/bico.ee\/lt\/wp-json\/wp\/v2\/media?parent=22457"}],"wp:term":[{"taxonomy":"product_cat","embeddable":true,"href":"https:\/\/bico.ee\/lt\/wp-json\/wp\/v2\/product_cat?post=22457"},{"taxonomy":"product_tag","embeddable":true,"href":"https:\/\/bico.ee\/lt\/wp-json\/wp\/v2\/product_tag?post=22457"}],"curies":[{"name":"wp","href":"https:\/\/api.w.org\/{rel}","templated":true}]}}