{"id":22472,"date":"2026-04-10T18:44:04","date_gmt":"2026-04-10T18:44:04","guid":{"rendered":""},"modified":"2026-04-10T18:44:04","modified_gmt":"2026-04-10T18:44:04","slug":"kaelakee-kummist-reguleeritav-bico-sba2","status":"publish","type":"product","link":"https:\/\/bico.ee\/lt\/p\/karoliu-guma-reguliuojamas-bico-sba2\/","title":{"rendered":"Karoli\u0173 guma, reguliuojamas BICO (SBA2)"},"content":{"rendered":"<p>Nimi: Twister<br \/>\n<BR><UL><LI> T\u00e4hendus: iga tee, \u00fcksk\u00f5ik kui k\u00e4\u00e4nuline, moodustab ilusa kuju<br \/>\n<\/LI><LI> Reguleeritavat kummist kaelakeed saab muuta 18 kuni 20 kuni 22 tolli (45 mm v\u00f5i 50 v\u00f5i 55 mm) pikkuseks.<br \/>\n<\/LI><LI> Originaalne ja ainulaadne Bico disain, mis \u00fchendab k\u00e4sitsi viimistletud pingist ripatsi reguleeritava 0,12&#8242; (3 mm) musta kummin\u00f6\u00f6riga.<br \/>\nReguleeritava kaelakee pikkust saab integreeritud terasest ketielemendi abil muuta 18 tollilt (45 mm) 22 tollile (55 mm)<br \/>\nSaadaval 5 kujunduses: SBA1 kuni SBA5<br \/>\n<\/LI><\/UL> <\/p>","protected":false},"excerpt":{"rendered":"<p>SBA2 825873079355<\/p>\n","protected":false},"featured_media":22881,"template":"","meta":[],"product_cat":[169],"product_tag":[],"_links":{"self":[{"href":"https:\/\/bico.ee\/lt\/wp-json\/wp\/v2\/product\/22472"}],"collection":[{"href":"https:\/\/bico.ee\/lt\/wp-json\/wp\/v2\/product"}],"about":[{"href":"https:\/\/bico.ee\/lt\/wp-json\/wp\/v2\/types\/product"}],"wp:featuredmedia":[{"embeddable":true,"href":"https:\/\/bico.ee\/lt\/wp-json\/wp\/v2\/media\/22881"}],"wp:attachment":[{"href":"https:\/\/bico.ee\/lt\/wp-json\/wp\/v2\/media?parent=22472"}],"wp:term":[{"taxonomy":"product_cat","embeddable":true,"href":"https:\/\/bico.ee\/lt\/wp-json\/wp\/v2\/product_cat?post=22472"},{"taxonomy":"product_tag","embeddable":true,"href":"https:\/\/bico.ee\/lt\/wp-json\/wp\/v2\/product_tag?post=22472"}],"curies":[{"name":"wp","href":"https:\/\/api.w.org\/{rel}","templated":true}]}}