{"id":22480,"date":"2026-04-10T18:44:04","date_gmt":"2026-04-10T18:44:04","guid":{"rendered":""},"modified":"2026-04-10T18:44:04","modified_gmt":"2026-04-10T18:44:04","slug":"kaelakee-nahast-reguleeritav-bico-sbd5","status":"publish","type":"product","link":"https:\/\/bico.ee\/lt\/p\/verinys-oda-reguliuojamas-bico-sbd5\/","title":{"rendered":"V\u0117rinys oda, reguliuojamas BICO (SBD5)"},"content":{"rendered":"<p>Pavadinimas: Electra<br \/>\n<BR><UL><LI> Reik\u0161m\u0117: dinami\u0161kas ir ekstraverti\u0161kas<br \/>\n<\/LI><LI> Reguliuojamas juodos odos v\u0117rinys gali b\u016bti kei\u010diamas nuo 18 iki 20 iki 22 coli\u0173 (45 mm arba 50 arba 55 mm) ilgio.<br \/>\n<\/LI><LI> Originalus ir unikalus &#8216;Bico&#8217; dizainas, derinantis rank\u0173 darbo &#8216;Pewter&#8217; pakabuk\u0105 su reguliuojamu 0,12 colio (3 mm) juodos odos laidu.<br \/>\nReguliuojamo v\u0117rinio ilg\u012f galima pakeisti nuo 18 coli\u0173 (45 mm) iki 22 coli\u0173 (55 mm), naudojant integruot\u0105 plienin\u012f grandin\u0117s element\u0105<br \/>\nGalimi 6 dizainai: nuo SBD1 iki SBD6<br \/>\n<\/LI><\/UL> <\/p>","protected":false},"excerpt":{"rendered":"<p>SBD5 825873079492<\/p>\n","protected":false},"featured_media":22925,"template":"","meta":[],"product_cat":[169],"product_tag":[],"_links":{"self":[{"href":"https:\/\/bico.ee\/lt\/wp-json\/wp\/v2\/product\/22480"}],"collection":[{"href":"https:\/\/bico.ee\/lt\/wp-json\/wp\/v2\/product"}],"about":[{"href":"https:\/\/bico.ee\/lt\/wp-json\/wp\/v2\/types\/product"}],"wp:featuredmedia":[{"embeddable":true,"href":"https:\/\/bico.ee\/lt\/wp-json\/wp\/v2\/media\/22925"}],"wp:attachment":[{"href":"https:\/\/bico.ee\/lt\/wp-json\/wp\/v2\/media?parent=22480"}],"wp:term":[{"taxonomy":"product_cat","embeddable":true,"href":"https:\/\/bico.ee\/lt\/wp-json\/wp\/v2\/product_cat?post=22480"},{"taxonomy":"product_tag","embeddable":true,"href":"https:\/\/bico.ee\/lt\/wp-json\/wp\/v2\/product_tag?post=22480"}],"curies":[{"name":"wp","href":"https:\/\/api.w.org\/{rel}","templated":true}]}}