{"id":22586,"date":"2026-04-10T18:44:04","date_gmt":"2026-04-10T18:44:04","guid":{"rendered":""},"modified":"2026-04-10T18:44:04","modified_gmt":"2026-04-10T18:44:04","slug":"kett-ripatsiga-teras-rf1p21a","status":"publish","type":"product","link":"https:\/\/bico.ee\/lt\/p\/grandine-su-pakabuku-plienine-rf1p21a\/","title":{"rendered":"Grandin\u0117 su pakabuku, plienin\u0117 (RF1P21A)"},"content":{"rendered":"<p>Vardas: inkaras am\u017einai<br \/>\n <\/p>\n<ul>\n<li>Rei\u0161kia: suri\u0161tas ir nesulau\u017eomas\n<\/li>\n<li>Kietas oksiduotas alavo pakabukas su 31,5 coli\u0173 (80 cm) plieno grandine\n<\/li>\n<li>31,5 \u2033 (80 cm) plienin\u0117 grandin\u0117, padengta ypa\u010d kietu skaidriu sluoksniu, kartu su alavo pakabuku oksiduotu juodu, o po to rankomis valytos, kad b\u016bt\u0173 sukurtos akcento ir matin\u0117s spalvos.<br \/>\nGalima \u012fsigyti i\u0161 9 dizain\u0173: RF1P15 \u012f RF1P22\n<\/li>\n<\/ul>\n<p> <\/p>","protected":false},"excerpt":{"rendered":"<p>RF1P21A 825873077665<\/p>\n","protected":false},"featured_media":22967,"template":"","meta":[],"product_cat":[169],"product_tag":[],"_links":{"self":[{"href":"https:\/\/bico.ee\/lt\/wp-json\/wp\/v2\/product\/22586"}],"collection":[{"href":"https:\/\/bico.ee\/lt\/wp-json\/wp\/v2\/product"}],"about":[{"href":"https:\/\/bico.ee\/lt\/wp-json\/wp\/v2\/types\/product"}],"wp:featuredmedia":[{"embeddable":true,"href":"https:\/\/bico.ee\/lt\/wp-json\/wp\/v2\/media\/22967"}],"wp:attachment":[{"href":"https:\/\/bico.ee\/lt\/wp-json\/wp\/v2\/media?parent=22586"}],"wp:term":[{"taxonomy":"product_cat","embeddable":true,"href":"https:\/\/bico.ee\/lt\/wp-json\/wp\/v2\/product_cat?post=22586"},{"taxonomy":"product_tag","embeddable":true,"href":"https:\/\/bico.ee\/lt\/wp-json\/wp\/v2\/product_tag?post=22586"}],"curies":[{"name":"wp","href":"https:\/\/api.w.org\/{rel}","templated":true}]}}