{"id":22588,"date":"2026-04-10T18:44:04","date_gmt":"2026-04-10T18:44:04","guid":{"rendered":""},"modified":"2026-04-10T18:44:04","modified_gmt":"2026-04-10T18:44:04","slug":"kett-ripatsiga-teras-rf1p17a","status":"publish","type":"product","link":"https:\/\/bico.ee\/lt\/p\/grandine-su-pakabuku-plienine-rf1p17a\/","title":{"rendered":"Grandin\u0117 su pakabuku, plienin\u0117 (RF1P17A)"},"content":{"rendered":"<p>Vardas: deimantai grub\u016bs<br \/>\n <\/p>\n<ul>\n<li>Rei\u0161kia: kiekviename yra vis\u0173 \u017evaig\u017ed\u017ei\u0173\n<\/li>\n<li>Kietas oksiduotas alavo pakabukas su 31,5 coli\u0173 (80 cm) plieno grandine\n<\/li>\n<li>31,5 \u2033 (80 cm) plienin\u0117 grandin\u0117, padengta ypa\u010d kietu skaidriu sluoksniu, kartu su alavo pakabuku oksiduotu juodu, o po to rankomis valytos, kad b\u016bt\u0173 sukurtos akcento ir matin\u0117s spalvos.<br \/>\nGalima \u012fsigyti i\u0161 9 dizain\u0173: RF1P15 \u012f RF1P22\n<\/li>\n<\/ul>\n<p> <\/p>","protected":false},"excerpt":{"rendered":"<p>RF1P17A 825873077627<\/p>\n","protected":false},"featured_media":22973,"template":"","meta":[],"product_cat":[169],"product_tag":[],"_links":{"self":[{"href":"https:\/\/bico.ee\/lt\/wp-json\/wp\/v2\/product\/22588"}],"collection":[{"href":"https:\/\/bico.ee\/lt\/wp-json\/wp\/v2\/product"}],"about":[{"href":"https:\/\/bico.ee\/lt\/wp-json\/wp\/v2\/types\/product"}],"wp:featuredmedia":[{"embeddable":true,"href":"https:\/\/bico.ee\/lt\/wp-json\/wp\/v2\/media\/22973"}],"wp:attachment":[{"href":"https:\/\/bico.ee\/lt\/wp-json\/wp\/v2\/media?parent=22588"}],"wp:term":[{"taxonomy":"product_cat","embeddable":true,"href":"https:\/\/bico.ee\/lt\/wp-json\/wp\/v2\/product_cat?post=22588"},{"taxonomy":"product_tag","embeddable":true,"href":"https:\/\/bico.ee\/lt\/wp-json\/wp\/v2\/product_tag?post=22588"}],"curies":[{"name":"wp","href":"https:\/\/api.w.org\/{rel}","templated":true}]}}