{"id":24686,"date":"2026-04-10T18:44:04","date_gmt":"2026-04-10T18:44:04","guid":{"rendered":""},"modified":"2026-04-10T18:44:04","modified_gmt":"2026-04-10T18:44:04","slug":"ripats-retro-celtic-irish-knot-t1133","status":"publish","type":"product","link":"https:\/\/bico.ee\/lt\/p\/su-keltu-airiu-mazgas-retro-stiliuje-t1133\/","title":{"rendered":"Su &#8220;Kelt\u0173 airi\u0173 mazgas retro stiliuje&#8221; (T1133)"},"content":{"rendered":"<p>Vardas:Kelt\u0173 airi\u0173 mazgas retro stiliuje<br \/>\n<BR><UL><LI> Ner\u016bdijan\u010dio plieno pakabukai<br \/>\n<\/LI><LI> Sena meil\u0117, kaip \u017einia, ner\u016bdija, o m\u016bs\u0173 pakabuk\u0173 medicininis plienas \u2013 juo labiau. Jie taip pat nei\u0161eina i\u0161 mados, nes tam trukdo simbolizmo universalumas, da\u017enai pasiskolintas i\u0161 pa\u010di\u0173 \u012fvairiausi\u0173 kult\u016br\u0173 vizualinio arsenalo: kelt\u0173, egiptie\u010di\u0173, slav\u0173 ir kt.<br \/>\n<\/LI><LI> Minimalus skyl\u0117s skersmuo 4,5mm<br \/>\n<\/LI><\/UL><\/p>","protected":false},"excerpt":{"rendered":"<p>T1133 0<\/p>\n","protected":false},"featured_media":25240,"template":"","meta":[],"product_cat":[179],"product_tag":[],"_links":{"self":[{"href":"https:\/\/bico.ee\/lt\/wp-json\/wp\/v2\/product\/24686"}],"collection":[{"href":"https:\/\/bico.ee\/lt\/wp-json\/wp\/v2\/product"}],"about":[{"href":"https:\/\/bico.ee\/lt\/wp-json\/wp\/v2\/types\/product"}],"wp:featuredmedia":[{"embeddable":true,"href":"https:\/\/bico.ee\/lt\/wp-json\/wp\/v2\/media\/25240"}],"wp:attachment":[{"href":"https:\/\/bico.ee\/lt\/wp-json\/wp\/v2\/media?parent=24686"}],"wp:term":[{"taxonomy":"product_cat","embeddable":true,"href":"https:\/\/bico.ee\/lt\/wp-json\/wp\/v2\/product_cat?post=24686"},{"taxonomy":"product_tag","embeddable":true,"href":"https:\/\/bico.ee\/lt\/wp-json\/wp\/v2\/product_tag?post=24686"}],"curies":[{"name":"wp","href":"https:\/\/api.w.org\/{rel}","templated":true}]}}